{"id":662,"date":"2023-11-14T11:39:32","date_gmt":"2023-11-14T10:39:32","guid":{"rendered":"https:\/\/soniaouro.com\/?page_id=662"},"modified":"2024-04-30T18:41:56","modified_gmt":"2024-04-30T16:41:56","slug":"equipo","status":"publish","type":"page","link":"https:\/\/alzaestudio.es\/gl\/equipo\/","title":{"rendered":"Equipo"},"content":{"rendered":"<div data-elementor-type=\"wp-page\" data-elementor-id=\"662\" class=\"elementor elementor-662\">\n\t\t\t\t\t\t<section class=\"elementor-section elementor-top-section elementor-element elementor-element-8ee04fd elementor-section-boxed elementor-section-height-default elementor-section-height-default\" data-id=\"8ee04fd\" data-element_type=\"section\">\n\t\t\t\t\t\t<div class=\"elementor-container elementor-column-gap-default\">\n\t\t\t\t\t<div class=\"elementor-column elementor-col-100 elementor-top-column elementor-element elementor-element-16241402\" data-id=\"16241402\" data-element_type=\"column\">\n\t\t\t<div class=\"elementor-widget-wrap elementor-element-populated\">\n\t\t\t\t\t\t<div class=\"elementor-element elementor-element-70b95b93 elementor-widget elementor-widget-heading\" data-id=\"70b95b93\" data-element_type=\"widget\" data-widget_type=\"heading.default\">\n\t\t\t\t<div class=\"elementor-widget-container\">\n\t\t\t\t\t<h1 class=\"elementor-heading-title elementor-size-default\">Equipo<\/h1>\t\t\t\t<\/div>\n\t\t\t\t<\/div>\n\t\t\t\t\t<\/div>\n\t\t<\/div>\n\t\t\t\t\t<\/div>\n\t\t<\/section>\n\t\t<div class=\"elementor-element elementor-element-1e3535e e-flex e-con-boxed e-con e-parent\" data-id=\"1e3535e\" data-element_type=\"container\" data-settings=\"{&quot;background_background&quot;:&quot;classic&quot;}\">\n\t\t\t\t\t<div class=\"e-con-inner\">\n\t\t<div class=\"elementor-element elementor-element-c212a1f e-con-full e-flex e-con e-child\" data-id=\"c212a1f\" data-element_type=\"container\">\n\t\t\t\t<div class=\"elementor-element elementor-element-80477cb elementor-widget elementor-widget-text-editor\" data-id=\"80477cb\" data-element_type=\"widget\" data-widget_type=\"text-editor.default\">\n\t\t\t\t<div class=\"elementor-widget-container\">\n\t\t\t\t\t\t\t\t\t<p><span style=\"font-family: swiss-721-lt-cn-btl;\">Na direcci\u00f3n do estudo, destaca <strong>Maria Rodriguez Mira<\/strong> \u00a0colegiada GA-264 tras <strong>m\u00e1s de 28 a\u00f1os de experiencia<\/strong> en el sector destaca por su delicadeza, profesionalidad y pasi\u00f3n dise\u00f1ando tanto espacios en el area residencial como comercial. Su cercan\u00eda e involucraci\u00f3n con el cliente desde la primera toma de contacto as\u00ed como el seguimiento y acompa\u00f1amiento durante el desarrollo del proyecto hacen que la obra se ejecute con total precisi\u00f3n desde el incio hasta los detalles m\u00e1s meticulosos y \u00a0entrega final.<\/span><\/p>\t\t\t\t\t\t\t\t<\/div>\n\t\t\t\t<\/div>\n\t\t\t\t<div class=\"elementor-element elementor-element-3f7252f elementor-widget elementor-widget-text-editor\" data-id=\"3f7252f\" data-element_type=\"widget\" data-widget_type=\"text-editor.default\">\n\t\t\t\t<div class=\"elementor-widget-container\">\n\t\t\t\t\t\t\t\t\t<p><span style=\"font-family: swiss-721-lt-cn-btl;\">A filosof\u00eda de <b>Alza estudio<\/b> \u00e9 a <b>proximidade co cliente<\/b>, traballar con <b>materiais nobres<\/b>, buscar unha <b>conexi\u00f3n cos espazos naturais<\/b> a trav\u00e9s da forma, a cor e as texturas sen esquecer a importancia dunha boa iluminaci\u00f3n que envolve cada proxecto.<\/span><\/p><p><span style=\"font-family: swiss-721-lt-cn-btl;\">En Alza rod\u00e9monos dos mellores profesionais e provedores industriais para garantir a mellor calidade e poder executar calquera proxecto coa m\u00e1xima precisi\u00f3n.<\/span><\/p>\t\t\t\t\t\t\t\t<\/div>\n\t\t\t\t<\/div>\n\t\t\t\t<\/div>\n\t\t<div class=\"elementor-element elementor-element-95c07fa e-con-full e-flex e-con e-child\" data-id=\"95c07fa\" data-element_type=\"container\">\n\t\t\t\t<div class=\"elementor-element elementor-element-858eff2 elementor-widget elementor-widget-image\" data-id=\"858eff2\" data-element_type=\"widget\" data-widget_type=\"image.default\">\n\t\t\t\t<div class=\"elementor-widget-container\">\n\t\t\t\t\t\t\t\t\t\t\t\t\t\t\t<img fetchpriority=\"high\" decoding=\"async\" width=\"1360\" height=\"2048\" src=\"https:\/\/alzaestudio.es\/wp-content\/uploads\/2024\/03\/IMG-20221113-WA0048.jpg\" class=\"attachment-full size-full wp-image-1263\" alt=\"\" srcset=\"https:\/\/alzaestudio.es\/wp-content\/uploads\/2024\/03\/IMG-20221113-WA0048.jpg 1360w, https:\/\/alzaestudio.es\/wp-content\/uploads\/2024\/03\/IMG-20221113-WA0048-199x300.jpg 199w, https:\/\/alzaestudio.es\/wp-content\/uploads\/2024\/03\/IMG-20221113-WA0048-680x1024.jpg 680w, https:\/\/alzaestudio.es\/wp-content\/uploads\/2024\/03\/IMG-20221113-WA0048-768x1157.jpg 768w, https:\/\/alzaestudio.es\/wp-content\/uploads\/2024\/03\/IMG-20221113-WA0048-1020x1536.jpg 1020w, https:\/\/alzaestudio.es\/wp-content\/uploads\/2024\/03\/IMG-20221113-WA0048-8x12.jpg 8w\" sizes=\"(max-width: 1360px) 100vw, 1360px\" \/>\t\t\t\t\t\t\t\t\t\t\t\t\t\t\t<\/div>\n\t\t\t\t<\/div>\n\t\t\t\t<\/div>\n\t\t\t\t\t<\/div>\n\t\t\t\t<\/div>\n\t\t\t\t<\/div>","protected":false},"excerpt":{"rendered":"<p>Equipo En la direcci\u00f3n del estudio destaca Maria Rodriguez Mira \u00a0colegiada GA-264 tras m\u00e1s de 28 a\u00f1os de experiencia en el sector destaca por su delicadeza, profesionalidad y pasi\u00f3n dise\u00f1ando tanto espacios en el area residencial como comercial. Su cercan\u00eda e involucraci\u00f3n con el cliente desde la primera toma de contacto as\u00ed como el seguimiento&hellip;&nbsp;<a href=\"https:\/\/alzaestudio.es\/gl\/equipo\/\" rel=\"bookmark\">Read More &raquo;<span class=\"screen-reader-text\">Equipo<\/span><\/a><\/p>","protected":false},"author":1,"featured_media":0,"parent":0,"menu_order":0,"comment_status":"closed","ping_status":"closed","template":"","meta":{"neve_meta_sidebar":"","neve_meta_container":"full-width","neve_meta_enable_content_width":"","neve_meta_content_width":0,"neve_meta_title_alignment":"","neve_meta_author_avatar":"","neve_post_elements_order":"","neve_meta_disable_header":"","neve_meta_disable_footer":"","neve_meta_disable_title":"on","neve_meta_reading_time":"","_ti_tpc_template_sync":false,"_ti_tpc_template_id":"","footnotes":""},"yoast_head":"<!-- This site is optimized with the Yoast SEO plugin v23.0 - https:\/\/yoast.com\/wordpress\/plugins\/seo\/ -->\n<title>Equipo - Alza Estudio Interiorismo<\/title>\n<meta name=\"description\" content=\"Estudio de Interiorismo y Decoraci\u00f3n que capta, gestiona y ejecuta tu idea y hace un seguimiento total del proyecto desde el inicio hasta la entrega.\" \/>\n<meta name=\"robots\" content=\"index, follow, max-snippet:-1, max-image-preview:large, max-video-preview:-1\" \/>\n<link rel=\"canonical\" href=\"https:\/\/alzaestudio.es\/gl\/equipo\/\" \/>\n<meta property=\"og:locale\" content=\"gl_ES\" \/>\n<meta property=\"og:type\" content=\"article\" \/>\n<meta property=\"og:title\" content=\"Equipo - Alza Estudio Interiorismo\" \/>\n<meta property=\"og:description\" content=\"Estudio de Interiorismo y Decoraci\u00f3n que capta, gestiona y ejecuta tu idea y hace un seguimiento total del proyecto desde el inicio hasta la entrega.\" \/>\n<meta property=\"og:url\" content=\"https:\/\/alzaestudio.es\/gl\/equipo\/\" \/>\n<meta property=\"og:site_name\" content=\"Alza Estudio Interiorismo\" \/>\n<meta property=\"article:modified_time\" content=\"2024-04-30T16:41:56+00:00\" \/>\n<meta property=\"og:image\" content=\"https:\/\/alzaestudio.es\/wp-content\/uploads\/2024\/03\/IMG-20221113-WA0048.jpg\" \/>\n<meta name=\"twitter:card\" content=\"summary_large_image\" \/>\n<meta name=\"twitter:label1\" content=\"Tempo de lectura\" \/>\n\t<meta name=\"twitter:data1\" content=\"1 minuto\" \/>\n<script type=\"application\/ld+json\" class=\"yoast-schema-graph\">{\"@context\":\"https:\/\/schema.org\",\"@graph\":[{\"@type\":\"WebPage\",\"@id\":\"https:\/\/alzaestudio.es\/equipo\/\",\"url\":\"https:\/\/alzaestudio.es\/equipo\/\",\"name\":\"Equipo - Alza Estudio Interiorismo\",\"isPartOf\":{\"@id\":\"https:\/\/alzaestudio.es\/#website\"},\"primaryImageOfPage\":{\"@id\":\"https:\/\/alzaestudio.es\/equipo\/#primaryimage\"},\"image\":{\"@id\":\"https:\/\/alzaestudio.es\/equipo\/#primaryimage\"},\"thumbnailUrl\":\"https:\/\/alzaestudio.es\/wp-content\/uploads\/2024\/03\/IMG-20221113-WA0048.jpg\",\"datePublished\":\"2023-11-14T10:39:32+00:00\",\"dateModified\":\"2024-04-30T16:41:56+00:00\",\"description\":\"Estudio de Interiorismo y Decoraci\u00f3n que capta, gestiona y ejecuta tu idea y hace un seguimiento total del proyecto desde el inicio hasta la entrega.\",\"breadcrumb\":{\"@id\":\"https:\/\/alzaestudio.es\/equipo\/#breadcrumb\"},\"inLanguage\":\"gl-ES\",\"potentialAction\":[{\"@type\":\"ReadAction\",\"target\":[\"https:\/\/alzaestudio.es\/equipo\/\"]}]},{\"@type\":\"ImageObject\",\"inLanguage\":\"gl-ES\",\"@id\":\"https:\/\/alzaestudio.es\/equipo\/#primaryimage\",\"url\":\"https:\/\/alzaestudio.es\/wp-content\/uploads\/2024\/03\/IMG-20221113-WA0048.jpg\",\"contentUrl\":\"https:\/\/alzaestudio.es\/wp-content\/uploads\/2024\/03\/IMG-20221113-WA0048.jpg\"},{\"@type\":\"BreadcrumbList\",\"@id\":\"https:\/\/alzaestudio.es\/equipo\/#breadcrumb\",\"itemListElement\":[{\"@type\":\"ListItem\",\"position\":1,\"name\":\"Portada\",\"item\":\"https:\/\/alzaestudio.es\/\"},{\"@type\":\"ListItem\",\"position\":2,\"name\":\"Equipo\"}]},{\"@type\":\"WebSite\",\"@id\":\"https:\/\/alzaestudio.es\/#website\",\"url\":\"https:\/\/alzaestudio.es\/\",\"name\":\"Alza Estudio Interiorismo\",\"description\":\"Interiorismo\",\"publisher\":{\"@id\":\"https:\/\/alzaestudio.es\/#organization\"},\"potentialAction\":[{\"@type\":\"SearchAction\",\"target\":{\"@type\":\"EntryPoint\",\"urlTemplate\":\"https:\/\/alzaestudio.es\/?s={search_term_string}\"},\"query-input\":\"required name=search_term_string\"}],\"inLanguage\":\"gl-ES\"},{\"@type\":\"Organization\",\"@id\":\"https:\/\/alzaestudio.es\/#organization\",\"name\":\"Alza Estudio Interiorismo\",\"url\":\"https:\/\/alzaestudio.es\/\",\"logo\":{\"@type\":\"ImageObject\",\"inLanguage\":\"gl-ES\",\"@id\":\"https:\/\/alzaestudio.es\/#\/schema\/logo\/image\/\",\"url\":\"https:\/\/alzaestudio.es\/wp-content\/uploads\/2024\/03\/alza_2.png\",\"contentUrl\":\"https:\/\/alzaestudio.es\/wp-content\/uploads\/2024\/03\/alza_2.png\",\"width\":700,\"height\":303,\"caption\":\"Alza Estudio Interiorismo\"},\"image\":{\"@id\":\"https:\/\/alzaestudio.es\/#\/schema\/logo\/image\/\"},\"sameAs\":[\"https:\/\/www.instagram.com\/alza.estudio\"]}]}<\/script>\n<!-- \/ Yoast SEO plugin. -->","yoast_head_json":{"title":"Equipo - Alza Estudio Interiorismo","description":"Estudio de Interiorismo y Decoraci\u00f3n que capta, gestiona y ejecuta tu idea y hace un seguimiento total del proyecto desde el inicio hasta la entrega.","robots":{"index":"index","follow":"follow","max-snippet":"max-snippet:-1","max-image-preview":"max-image-preview:large","max-video-preview":"max-video-preview:-1"},"canonical":"https:\/\/alzaestudio.es\/gl\/equipo\/","og_locale":"gl_ES","og_type":"article","og_title":"Equipo - Alza Estudio Interiorismo","og_description":"Estudio de Interiorismo y Decoraci\u00f3n que capta, gestiona y ejecuta tu idea y hace un seguimiento total del proyecto desde el inicio hasta la entrega.","og_url":"https:\/\/alzaestudio.es\/gl\/equipo\/","og_site_name":"Alza Estudio Interiorismo","article_modified_time":"2024-04-30T16:41:56+00:00","og_image":[{"url":"https:\/\/alzaestudio.es\/wp-content\/uploads\/2024\/03\/IMG-20221113-WA0048.jpg"}],"twitter_card":"summary_large_image","twitter_misc":{"Tempo de lectura":"1 minuto"},"schema":{"@context":"https:\/\/schema.org","@graph":[{"@type":"WebPage","@id":"https:\/\/alzaestudio.es\/equipo\/","url":"https:\/\/alzaestudio.es\/equipo\/","name":"Equipo - Alza Estudio Interiorismo","isPartOf":{"@id":"https:\/\/alzaestudio.es\/#website"},"primaryImageOfPage":{"@id":"https:\/\/alzaestudio.es\/equipo\/#primaryimage"},"image":{"@id":"https:\/\/alzaestudio.es\/equipo\/#primaryimage"},"thumbnailUrl":"https:\/\/alzaestudio.es\/wp-content\/uploads\/2024\/03\/IMG-20221113-WA0048.jpg","datePublished":"2023-11-14T10:39:32+00:00","dateModified":"2024-04-30T16:41:56+00:00","description":"Estudio de Interiorismo y Decoraci\u00f3n que capta, gestiona y ejecuta tu idea y hace un seguimiento total del proyecto desde el inicio hasta la entrega.","breadcrumb":{"@id":"https:\/\/alzaestudio.es\/equipo\/#breadcrumb"},"inLanguage":"gl-ES","potentialAction":[{"@type":"ReadAction","target":["https:\/\/alzaestudio.es\/equipo\/"]}]},{"@type":"ImageObject","inLanguage":"gl-ES","@id":"https:\/\/alzaestudio.es\/equipo\/#primaryimage","url":"https:\/\/alzaestudio.es\/wp-content\/uploads\/2024\/03\/IMG-20221113-WA0048.jpg","contentUrl":"https:\/\/alzaestudio.es\/wp-content\/uploads\/2024\/03\/IMG-20221113-WA0048.jpg"},{"@type":"BreadcrumbList","@id":"https:\/\/alzaestudio.es\/equipo\/#breadcrumb","itemListElement":[{"@type":"ListItem","position":1,"name":"Portada","item":"https:\/\/alzaestudio.es\/"},{"@type":"ListItem","position":2,"name":"Equipo"}]},{"@type":"WebSite","@id":"https:\/\/alzaestudio.es\/#website","url":"https:\/\/alzaestudio.es\/","name":"Alza Estudio Interiorismo","description":"Interiorismo","publisher":{"@id":"https:\/\/alzaestudio.es\/#organization"},"potentialAction":[{"@type":"SearchAction","target":{"@type":"EntryPoint","urlTemplate":"https:\/\/alzaestudio.es\/?s={search_term_string}"},"query-input":"required name=search_term_string"}],"inLanguage":"gl-ES"},{"@type":"Organization","@id":"https:\/\/alzaestudio.es\/#organization","name":"Alza Estudio Interiorismo","url":"https:\/\/alzaestudio.es\/","logo":{"@type":"ImageObject","inLanguage":"gl-ES","@id":"https:\/\/alzaestudio.es\/#\/schema\/logo\/image\/","url":"https:\/\/alzaestudio.es\/wp-content\/uploads\/2024\/03\/alza_2.png","contentUrl":"https:\/\/alzaestudio.es\/wp-content\/uploads\/2024\/03\/alza_2.png","width":700,"height":303,"caption":"Alza Estudio Interiorismo"},"image":{"@id":"https:\/\/alzaestudio.es\/#\/schema\/logo\/image\/"},"sameAs":["https:\/\/www.instagram.com\/alza.estudio"]}]}},"_links":{"self":[{"href":"https:\/\/alzaestudio.es\/gl\/wp-json\/wp\/v2\/pages\/662"}],"collection":[{"href":"https:\/\/alzaestudio.es\/gl\/wp-json\/wp\/v2\/pages"}],"about":[{"href":"https:\/\/alzaestudio.es\/gl\/wp-json\/wp\/v2\/types\/page"}],"author":[{"embeddable":true,"href":"https:\/\/alzaestudio.es\/gl\/wp-json\/wp\/v2\/users\/1"}],"replies":[{"embeddable":true,"href":"https:\/\/alzaestudio.es\/gl\/wp-json\/wp\/v2\/comments?post=662"}],"version-history":[{"count":19,"href":"https:\/\/alzaestudio.es\/gl\/wp-json\/wp\/v2\/pages\/662\/revisions"}],"predecessor-version":[{"id":2010,"href":"https:\/\/alzaestudio.es\/gl\/wp-json\/wp\/v2\/pages\/662\/revisions\/2010"}],"wp:attachment":[{"href":"https:\/\/alzaestudio.es\/gl\/wp-json\/wp\/v2\/media?parent=662"}],"curies":[{"name":"wp","href":"https:\/\/api.w.org\/{rel}","templated":true}]}}