{"id":660,"date":"2023-11-14T11:39:05","date_gmt":"2023-11-14T10:39:05","guid":{"rendered":"https:\/\/soniaouro.com\/?page_id=660"},"modified":"2024-04-30T13:46:40","modified_gmt":"2024-04-30T11:46:40","slug":"servicios","status":"publish","type":"page","link":"https:\/\/alzaestudio.es\/gl\/servicios\/","title":{"rendered":"Servizos"},"content":{"rendered":"<div data-elementor-type=\"wp-page\" data-elementor-id=\"660\" class=\"elementor elementor-660\">\n\t\t\t\t\t\t<section class=\"elementor-section elementor-top-section elementor-element elementor-element-338fca18 elementor-section-boxed elementor-section-height-default elementor-section-height-default\" data-id=\"338fca18\" data-element_type=\"section\">\n\t\t\t\t\t\t<div class=\"elementor-container elementor-column-gap-default\">\n\t\t\t\t\t<div class=\"elementor-column elementor-col-100 elementor-top-column elementor-element elementor-element-3b32bec5\" data-id=\"3b32bec5\" data-element_type=\"column\">\n\t\t\t<div class=\"elementor-widget-wrap elementor-element-populated\">\n\t\t\t\t\t\t<div class=\"elementor-element elementor-element-7109cfb7 elementor-widget elementor-widget-heading\" data-id=\"7109cfb7\" data-element_type=\"widget\" data-widget_type=\"heading.default\">\n\t\t\t\t<div class=\"elementor-widget-container\">\n\t\t\t\t\t<h1 class=\"elementor-heading-title elementor-size-default\">SERVIZOS<\/h1>\t\t\t\t<\/div>\n\t\t\t\t<\/div>\n\t\t\t\t<div class=\"elementor-element elementor-element-3c2cb495 elementor-widget elementor-widget-heading\" data-id=\"3c2cb495\" data-element_type=\"widget\" data-widget_type=\"heading.default\">\n\t\t\t\t<div class=\"elementor-widget-container\">\n\t\t\t\t\t<h2 class=\"elementor-heading-title elementor-size-default\">Se o que buscas \u00e9 un <b>Estudio de Interiorismo e Decoraci\u00f3n<\/b> que capture, xestione e execute a t\u00faa idea e faga un seguimento completo do proxecto desde o inicio ata a entrega das chaves <b>ALZA<\/b> \u00e9 o teu estudo.<\/h2>\t\t\t\t<\/div>\n\t\t\t\t<\/div>\n\t\t\t\t\t<\/div>\n\t\t<\/div>\n\t\t\t\t\t<\/div>\n\t\t<\/section>\n\t\t<div class=\"elementor-element elementor-element-4d36ad72 e-flex e-con-boxed e-con e-parent\" data-id=\"4d36ad72\" data-element_type=\"container\" data-settings=\"{&quot;background_background&quot;:&quot;classic&quot;}\">\n\t\t\t\t\t<div class=\"e-con-inner\">\n\t\t<div class=\"elementor-element elementor-element-1792fb8 e-con-full e-flex e-con e-child\" data-id=\"1792fb8\" data-element_type=\"container\">\n\t\t\t\t<div class=\"elementor-element elementor-element-26eb7218 elementor-widget elementor-widget-heading\" data-id=\"26eb7218\" data-element_type=\"widget\" data-widget_type=\"heading.default\">\n\t\t\t\t<div class=\"elementor-widget-container\">\n\t\t\t\t\t<h2 class=\"elementor-heading-title elementor-size-default\">Comercial<\/h2>\t\t\t\t<\/div>\n\t\t\t\t<\/div>\n\t\t\t\t<div class=\"elementor-element elementor-element-70442546 elementor-widget elementor-widget-text-editor\" data-id=\"70442546\" data-element_type=\"widget\" data-widget_type=\"text-editor.default\">\n\t\t\t\t<div class=\"elementor-widget-container\">\n\t\t\t\t\t\t\t\t\t<p><span style=\"font-family: swiss-721-lt-cn-btl;\">Analizamos minuciosamente as necesidades da transformaci\u00f3n do local comercial para adaptalo ao novo proxecto empresarial e facelo o mellor reflexo da identidade e dos valores da s\u00faa empresa. Neste proceso confiamos no noso equipo de gr\u00e1ficos para levar a cabo a imaxe corporativa do negocio e o visual merchandising para a categorizaci\u00f3n, zonificaci\u00f3n e exhibici\u00f3n de produtos para entregar o proxecto totalmente \u00e1 medida.<\/span><\/p>\t\t\t\t\t\t\t\t<\/div>\n\t\t\t\t<\/div>\n\t\t\t\t<\/div>\n\t\t<div class=\"elementor-element elementor-element-56f90596 e-con-full e-flex e-con e-child\" data-id=\"56f90596\" data-element_type=\"container\">\n\t\t\t\t<div class=\"elementor-element elementor-element-afbe785 elementor-widget elementor-widget-image\" data-id=\"afbe785\" data-element_type=\"widget\" data-widget_type=\"image.default\">\n\t\t\t\t<div class=\"elementor-widget-container\">\n\t\t\t\t\t\t\t\t\t\t\t\t<figure class=\"wp-caption\">\n\t\t\t\t\t\t\t\t\t\t\t<a href=\"\/gl\/juanflorez\/\">\n\t\t\t\t\t\t\t<img decoding=\"async\" src=\"https:\/\/alzaestudio.es\/wp-content\/uploads\/elementor\/thumbs\/IMG-20221124-WA0017-qlqua33zd7vyyacnlxzud35c2ewblps8u4ib3ok6u8.jpg\" title=\"IMG-20221124-WA0017\" alt=\"IMG-20221124-WA0017\" loading=\"lazy\" \/>\t\t\t\t\t\t\t\t<\/a>\n\t\t\t\t\t\t\t\t\t\t\t<figcaption class=\"widget-image-caption wp-caption-text\"><\/figcaption>\n\t\t\t\t\t\t\t\t\t\t<\/figure>\n\t\t\t\t\t\t\t\t\t<\/div>\n\t\t\t\t<\/div>\n\t\t\t\t<\/div>\n\t\t\t\t\t<\/div>\n\t\t\t\t<\/div>\n\t\t<div class=\"elementor-element elementor-element-1bbe7649 e-flex e-con-boxed e-con e-parent\" data-id=\"1bbe7649\" data-element_type=\"container\" data-settings=\"{&quot;background_background&quot;:&quot;classic&quot;}\">\n\t\t\t\t\t<div class=\"e-con-inner\">\n\t\t<div class=\"elementor-element elementor-element-37917e45 e-con-full e-flex e-con e-child\" data-id=\"37917e45\" data-element_type=\"container\">\n\t\t\t\t<div class=\"elementor-element elementor-element-b23eff5 elementor-widget elementor-widget-heading\" data-id=\"b23eff5\" data-element_type=\"widget\" data-widget_type=\"heading.default\">\n\t\t\t\t<div class=\"elementor-widget-container\">\n\t\t\t\t\t<h2 class=\"elementor-heading-title elementor-size-default\">Residencial<\/h2>\t\t\t\t<\/div>\n\t\t\t\t<\/div>\n\t\t\t\t<div class=\"elementor-element elementor-element-550557f1 elementor-widget elementor-widget-text-editor\" data-id=\"550557f1\" data-element_type=\"widget\" data-widget_type=\"text-editor.default\">\n\t\t\t\t<div class=\"elementor-widget-container\">\n\t\t\t\t\t\t\t\t\t<p><span style=\"font-family: swiss-721-lt-cn-btl;\">A nosa premisa \u00e9 conseguir espazos con esencia, funcionais e atemporais, para iso \u00e9 necesario facer unha boa lectura tanto do espazo como das persoas que o habitan. Caracter\u00edz\u00e1monos por seleccionar coidadosamente a todos os nosos provedores e industriais para garantir a mellor calidade e executala nun tempo r\u00e9cord.<\/span><\/p>\t\t\t\t\t\t\t\t<\/div>\n\t\t\t\t<\/div>\n\t\t\t\t<\/div>\n\t\t<div class=\"elementor-element elementor-element-31b8fdf3 e-con-full e-flex e-con e-child\" data-id=\"31b8fdf3\" data-element_type=\"container\">\n\t\t\t\t<div class=\"elementor-element elementor-element-42f8a0c elementor-widget elementor-widget-image\" data-id=\"42f8a0c\" data-element_type=\"widget\" data-widget_type=\"image.default\">\n\t\t\t\t<div class=\"elementor-widget-container\">\n\t\t\t\t\t\t\t\t\t\t\t\t<figure class=\"wp-caption\">\n\t\t\t\t\t\t\t\t\t\t\t<a href=\"\/gl\/juanflorez\/\">\n\t\t\t\t\t\t\t<img decoding=\"async\" src=\"https:\/\/alzaestudio.es\/wp-content\/uploads\/elementor\/thumbs\/IMG-20221124-WA0020-qlquabkj2q7jus0d8jnhhj0hevqmizptvadof67na8.jpg\" title=\"IMG-20221124-WA0020\" alt=\"IMG-20221124-WA0020\" loading=\"lazy\" \/>\t\t\t\t\t\t\t\t<\/a>\n\t\t\t\t\t\t\t\t\t\t\t<figcaption class=\"widget-image-caption wp-caption-text\"><\/figcaption>\n\t\t\t\t\t\t\t\t\t\t<\/figure>\n\t\t\t\t\t\t\t\t\t<\/div>\n\t\t\t\t<\/div>\n\t\t\t\t<\/div>\n\t\t\t\t\t<\/div>\n\t\t\t\t<\/div>\n\t\t<div class=\"elementor-element elementor-element-2463cd7 e-flex e-con-boxed e-con e-parent\" data-id=\"2463cd7\" data-element_type=\"container\" data-settings=\"{&quot;background_background&quot;:&quot;classic&quot;}\">\n\t\t\t\t\t<div class=\"e-con-inner\">\n\t\t<div class=\"elementor-element elementor-element-8c7e4e9 e-con-full e-flex e-con e-child\" data-id=\"8c7e4e9\" data-element_type=\"container\">\n\t\t\t\t<div class=\"elementor-element elementor-element-513ee5f elementor-widget elementor-widget-heading\" data-id=\"513ee5f\" data-element_type=\"widget\" data-widget_type=\"heading.default\">\n\t\t\t\t<div class=\"elementor-widget-container\">\n\t\t\t\t\t<h2 class=\"elementor-heading-title elementor-size-default\">Servizo integral<\/h2>\t\t\t\t<\/div>\n\t\t\t\t<\/div>\n\t\t\t\t<div class=\"elementor-element elementor-element-c62f503 elementor-widget elementor-widget-text-editor\" data-id=\"c62f503\" data-element_type=\"widget\" data-widget_type=\"text-editor.default\">\n\t\t\t\t<div class=\"elementor-widget-container\">\n\t\t\t\t\t\t\t\t\t<p><span style=\"font-family: swiss-721-lt-cn-btl;\">Somos os encargados de resolver toda a parte t\u00e9cnica do proxecto para obter a solicitude das licenzas necesarias para a execuci\u00f3n da obra. Planos aos sindicatos correspondentes, direcci\u00f3n e supervisi\u00f3n dos traballos ata a s\u00faa entrega. PACK CHAVE EN MAN.<\/span><\/p>\t\t\t\t\t\t\t\t<\/div>\n\t\t\t\t<\/div>\n\t\t\t\t<\/div>\n\t\t<div class=\"elementor-element elementor-element-fb402cd e-con-full e-flex e-con e-child\" data-id=\"fb402cd\" data-element_type=\"container\">\n\t\t\t\t<div class=\"elementor-element elementor-element-a3b51c0 elementor-widget elementor-widget-image\" data-id=\"a3b51c0\" data-element_type=\"widget\" data-widget_type=\"image.default\">\n\t\t\t\t<div class=\"elementor-widget-container\">\n\t\t\t\t\t\t\t\t\t\t\t\t<figure class=\"wp-caption\">\n\t\t\t\t\t\t\t\t\t\t\t<a href=\"\/gl\/juanflorez\/\">\n\t\t\t\t\t\t\t<img decoding=\"async\" src=\"https:\/\/alzaestudio.es\/wp-content\/uploads\/elementor\/thumbs\/IMG-20221124-WA0019-qlqua7t6be2ekc5tui0z7jyn1c95o7awirrqi2d7z4.jpg\" title=\"IMG-20221124-WA0019\" alt=\"IMG-20221124-WA0019\" loading=\"lazy\" \/>\t\t\t\t\t\t\t\t<\/a>\n\t\t\t\t\t\t\t\t\t\t\t<figcaption class=\"widget-image-caption wp-caption-text\"><\/figcaption>\n\t\t\t\t\t\t\t\t\t\t<\/figure>\n\t\t\t\t\t\t\t\t\t<\/div>\n\t\t\t\t<\/div>\n\t\t\t\t<\/div>\n\t\t\t\t\t<\/div>\n\t\t\t\t<\/div>\n\t\t\t\t<\/div>","protected":false},"excerpt":{"rendered":"<p>SERVICIOS Si los que buscas es un Estudio de Interiorismo y Decoraci\u00f3n que capte, gestione y ejecute tu idea y haga un seguimiento total del proyecto desde el inicio hasta la entrega de llaves ALZA es tu estudio. Comercial Analizamos meticulosamente las necesidades de la transformaci\u00f3n del local comercial para adaptarlo al nuevo proyecto de&hellip;&nbsp;<a href=\"https:\/\/alzaestudio.es\/gl\/servicios\/\" rel=\"bookmark\">Read More &raquo;<span class=\"screen-reader-text\">Servizos<\/span><\/a><\/p>","protected":false},"author":1,"featured_media":0,"parent":0,"menu_order":0,"comment_status":"closed","ping_status":"closed","template":"","meta":{"neve_meta_sidebar":"","neve_meta_container":"full-width","neve_meta_enable_content_width":"","neve_meta_content_width":0,"neve_meta_title_alignment":"","neve_meta_author_avatar":"","neve_post_elements_order":"","neve_meta_disable_header":"","neve_meta_disable_footer":"","neve_meta_disable_title":"on","neve_meta_reading_time":"","_ti_tpc_template_sync":false,"_ti_tpc_template_id":"","footnotes":""},"yoast_head":"<!-- This site is optimized with the Yoast SEO plugin v23.0 - https:\/\/yoast.com\/wordpress\/plugins\/seo\/ -->\n<title>Servicios - Alza Estudio Interiorismo<\/title>\n<meta name=\"description\" content=\"Estudio de Interiorismo y Decoraci\u00f3n que capta, gestiona y ejecuta tu idea y hace un seguimiento total del proyecto desde el inicio hasta la entrega.\" \/>\n<meta name=\"robots\" content=\"index, follow, max-snippet:-1, max-image-preview:large, max-video-preview:-1\" \/>\n<link rel=\"canonical\" href=\"https:\/\/alzaestudio.es\/gl\/servicios\/\" \/>\n<meta property=\"og:locale\" content=\"gl_ES\" \/>\n<meta property=\"og:type\" content=\"article\" \/>\n<meta property=\"og:title\" content=\"Servicios - Alza Estudio Interiorismo\" \/>\n<meta property=\"og:description\" content=\"Estudio de Interiorismo y Decoraci\u00f3n que capta, gestiona y ejecuta tu idea y hace un seguimiento total del proyecto desde el inicio hasta la entrega.\" \/>\n<meta property=\"og:url\" content=\"https:\/\/alzaestudio.es\/gl\/servicios\/\" \/>\n<meta property=\"og:site_name\" content=\"Alza Estudio Interiorismo\" \/>\n<meta property=\"article:modified_time\" content=\"2024-04-30T11:46:40+00:00\" \/>\n<meta property=\"og:image\" content=\"https:\/\/alzaestudio.es\/wp-content\/uploads\/elementor\/thumbs\/IMG-20221124-WA0017-qlqua33zd7vyyacnlxzud35c2ewblps8u4ib3ok6u8.jpg\" \/>\n<meta name=\"twitter:card\" content=\"summary_large_image\" \/>\n<meta name=\"twitter:label1\" content=\"Tempo de lectura\" \/>\n\t<meta name=\"twitter:data1\" content=\"2 minutos\" \/>\n<script type=\"application\/ld+json\" class=\"yoast-schema-graph\">{\"@context\":\"https:\/\/schema.org\",\"@graph\":[{\"@type\":\"WebPage\",\"@id\":\"https:\/\/alzaestudio.es\/servicios\/\",\"url\":\"https:\/\/alzaestudio.es\/servicios\/\",\"name\":\"Servicios - Alza Estudio Interiorismo\",\"isPartOf\":{\"@id\":\"https:\/\/alzaestudio.es\/#website\"},\"primaryImageOfPage\":{\"@id\":\"https:\/\/alzaestudio.es\/servicios\/#primaryimage\"},\"image\":{\"@id\":\"https:\/\/alzaestudio.es\/servicios\/#primaryimage\"},\"thumbnailUrl\":\"https:\/\/alzaestudio.es\/wp-content\/uploads\/elementor\/thumbs\/IMG-20221124-WA0017-qlqua33zd7vyyacnlxzud35c2ewblps8u4ib3ok6u8.jpg\",\"datePublished\":\"2023-11-14T10:39:05+00:00\",\"dateModified\":\"2024-04-30T11:46:40+00:00\",\"description\":\"Estudio de Interiorismo y Decoraci\u00f3n que capta, gestiona y ejecuta tu idea y hace un seguimiento total del proyecto desde el inicio hasta la entrega.\",\"breadcrumb\":{\"@id\":\"https:\/\/alzaestudio.es\/servicios\/#breadcrumb\"},\"inLanguage\":\"gl-ES\",\"potentialAction\":[{\"@type\":\"ReadAction\",\"target\":[\"https:\/\/alzaestudio.es\/servicios\/\"]}]},{\"@type\":\"ImageObject\",\"inLanguage\":\"gl-ES\",\"@id\":\"https:\/\/alzaestudio.es\/servicios\/#primaryimage\",\"url\":\"https:\/\/alzaestudio.es\/wp-content\/uploads\/elementor\/thumbs\/IMG-20221124-WA0017-qlqua33zd7vyyacnlxzud35c2ewblps8u4ib3ok6u8.jpg\",\"contentUrl\":\"https:\/\/alzaestudio.es\/wp-content\/uploads\/elementor\/thumbs\/IMG-20221124-WA0017-qlqua33zd7vyyacnlxzud35c2ewblps8u4ib3ok6u8.jpg\"},{\"@type\":\"BreadcrumbList\",\"@id\":\"https:\/\/alzaestudio.es\/servicios\/#breadcrumb\",\"itemListElement\":[{\"@type\":\"ListItem\",\"position\":1,\"name\":\"Portada\",\"item\":\"https:\/\/alzaestudio.es\/\"},{\"@type\":\"ListItem\",\"position\":2,\"name\":\"Servicios\"}]},{\"@type\":\"WebSite\",\"@id\":\"https:\/\/alzaestudio.es\/#website\",\"url\":\"https:\/\/alzaestudio.es\/\",\"name\":\"Alza Estudio Interiorismo\",\"description\":\"Interiorismo\",\"publisher\":{\"@id\":\"https:\/\/alzaestudio.es\/#organization\"},\"potentialAction\":[{\"@type\":\"SearchAction\",\"target\":{\"@type\":\"EntryPoint\",\"urlTemplate\":\"https:\/\/alzaestudio.es\/?s={search_term_string}\"},\"query-input\":\"required name=search_term_string\"}],\"inLanguage\":\"gl-ES\"},{\"@type\":\"Organization\",\"@id\":\"https:\/\/alzaestudio.es\/#organization\",\"name\":\"Alza Estudio Interiorismo\",\"url\":\"https:\/\/alzaestudio.es\/\",\"logo\":{\"@type\":\"ImageObject\",\"inLanguage\":\"gl-ES\",\"@id\":\"https:\/\/alzaestudio.es\/#\/schema\/logo\/image\/\",\"url\":\"https:\/\/alzaestudio.es\/wp-content\/uploads\/2024\/03\/alza_2.png\",\"contentUrl\":\"https:\/\/alzaestudio.es\/wp-content\/uploads\/2024\/03\/alza_2.png\",\"width\":700,\"height\":303,\"caption\":\"Alza Estudio Interiorismo\"},\"image\":{\"@id\":\"https:\/\/alzaestudio.es\/#\/schema\/logo\/image\/\"},\"sameAs\":[\"https:\/\/www.instagram.com\/alza.estudio\"]}]}<\/script>\n<!-- \/ Yoast SEO plugin. -->","yoast_head_json":{"title":"Servicios - Alza Estudio Interiorismo","description":"Estudio de Interiorismo y Decoraci\u00f3n que capta, gestiona y ejecuta tu idea y hace un seguimiento total del proyecto desde el inicio hasta la entrega.","robots":{"index":"index","follow":"follow","max-snippet":"max-snippet:-1","max-image-preview":"max-image-preview:large","max-video-preview":"max-video-preview:-1"},"canonical":"https:\/\/alzaestudio.es\/gl\/servicios\/","og_locale":"gl_ES","og_type":"article","og_title":"Servicios - Alza Estudio Interiorismo","og_description":"Estudio de Interiorismo y Decoraci\u00f3n que capta, gestiona y ejecuta tu idea y hace un seguimiento total del proyecto desde el inicio hasta la entrega.","og_url":"https:\/\/alzaestudio.es\/gl\/servicios\/","og_site_name":"Alza Estudio Interiorismo","article_modified_time":"2024-04-30T11:46:40+00:00","og_image":[{"url":"https:\/\/alzaestudio.es\/wp-content\/uploads\/elementor\/thumbs\/IMG-20221124-WA0017-qlqua33zd7vyyacnlxzud35c2ewblps8u4ib3ok6u8.jpg"}],"twitter_card":"summary_large_image","twitter_misc":{"Tempo de lectura":"2 minutos"},"schema":{"@context":"https:\/\/schema.org","@graph":[{"@type":"WebPage","@id":"https:\/\/alzaestudio.es\/servicios\/","url":"https:\/\/alzaestudio.es\/servicios\/","name":"Servicios - Alza Estudio Interiorismo","isPartOf":{"@id":"https:\/\/alzaestudio.es\/#website"},"primaryImageOfPage":{"@id":"https:\/\/alzaestudio.es\/servicios\/#primaryimage"},"image":{"@id":"https:\/\/alzaestudio.es\/servicios\/#primaryimage"},"thumbnailUrl":"https:\/\/alzaestudio.es\/wp-content\/uploads\/elementor\/thumbs\/IMG-20221124-WA0017-qlqua33zd7vyyacnlxzud35c2ewblps8u4ib3ok6u8.jpg","datePublished":"2023-11-14T10:39:05+00:00","dateModified":"2024-04-30T11:46:40+00:00","description":"Estudio de Interiorismo y Decoraci\u00f3n que capta, gestiona y ejecuta tu idea y hace un seguimiento total del proyecto desde el inicio hasta la entrega.","breadcrumb":{"@id":"https:\/\/alzaestudio.es\/servicios\/#breadcrumb"},"inLanguage":"gl-ES","potentialAction":[{"@type":"ReadAction","target":["https:\/\/alzaestudio.es\/servicios\/"]}]},{"@type":"ImageObject","inLanguage":"gl-ES","@id":"https:\/\/alzaestudio.es\/servicios\/#primaryimage","url":"https:\/\/alzaestudio.es\/wp-content\/uploads\/elementor\/thumbs\/IMG-20221124-WA0017-qlqua33zd7vyyacnlxzud35c2ewblps8u4ib3ok6u8.jpg","contentUrl":"https:\/\/alzaestudio.es\/wp-content\/uploads\/elementor\/thumbs\/IMG-20221124-WA0017-qlqua33zd7vyyacnlxzud35c2ewblps8u4ib3ok6u8.jpg"},{"@type":"BreadcrumbList","@id":"https:\/\/alzaestudio.es\/servicios\/#breadcrumb","itemListElement":[{"@type":"ListItem","position":1,"name":"Portada","item":"https:\/\/alzaestudio.es\/"},{"@type":"ListItem","position":2,"name":"Servicios"}]},{"@type":"WebSite","@id":"https:\/\/alzaestudio.es\/#website","url":"https:\/\/alzaestudio.es\/","name":"Alza Estudio Interiorismo","description":"Interiorismo","publisher":{"@id":"https:\/\/alzaestudio.es\/#organization"},"potentialAction":[{"@type":"SearchAction","target":{"@type":"EntryPoint","urlTemplate":"https:\/\/alzaestudio.es\/?s={search_term_string}"},"query-input":"required name=search_term_string"}],"inLanguage":"gl-ES"},{"@type":"Organization","@id":"https:\/\/alzaestudio.es\/#organization","name":"Alza Estudio Interiorismo","url":"https:\/\/alzaestudio.es\/","logo":{"@type":"ImageObject","inLanguage":"gl-ES","@id":"https:\/\/alzaestudio.es\/#\/schema\/logo\/image\/","url":"https:\/\/alzaestudio.es\/wp-content\/uploads\/2024\/03\/alza_2.png","contentUrl":"https:\/\/alzaestudio.es\/wp-content\/uploads\/2024\/03\/alza_2.png","width":700,"height":303,"caption":"Alza Estudio Interiorismo"},"image":{"@id":"https:\/\/alzaestudio.es\/#\/schema\/logo\/image\/"},"sameAs":["https:\/\/www.instagram.com\/alza.estudio"]}]}},"_links":{"self":[{"href":"https:\/\/alzaestudio.es\/gl\/wp-json\/wp\/v2\/pages\/660"}],"collection":[{"href":"https:\/\/alzaestudio.es\/gl\/wp-json\/wp\/v2\/pages"}],"about":[{"href":"https:\/\/alzaestudio.es\/gl\/wp-json\/wp\/v2\/types\/page"}],"author":[{"embeddable":true,"href":"https:\/\/alzaestudio.es\/gl\/wp-json\/wp\/v2\/users\/1"}],"replies":[{"embeddable":true,"href":"https:\/\/alzaestudio.es\/gl\/wp-json\/wp\/v2\/comments?post=660"}],"version-history":[{"count":30,"href":"https:\/\/alzaestudio.es\/gl\/wp-json\/wp\/v2\/pages\/660\/revisions"}],"predecessor-version":[{"id":1931,"href":"https:\/\/alzaestudio.es\/gl\/wp-json\/wp\/v2\/pages\/660\/revisions\/1931"}],"wp:attachment":[{"href":"https:\/\/alzaestudio.es\/gl\/wp-json\/wp\/v2\/media?parent=660"}],"curies":[{"name":"wp","href":"https:\/\/api.w.org\/{rel}","templated":true}]}}