{"id":1765,"date":"2024-04-26T20:03:43","date_gmt":"2024-04-26T18:03:43","guid":{"rendered":"https:\/\/alzaestudio.es\/?page_id=1765"},"modified":"2024-04-30T17:42:36","modified_gmt":"2024-04-30T15:42:36","slug":"farmaciaortiz","status":"publish","type":"page","link":"https:\/\/alzaestudio.es\/gl\/farmaciaortiz\/","title":{"rendered":"Farmacia Ortiz"},"content":{"rendered":"<div data-elementor-type=\"wp-page\" data-elementor-id=\"1765\" class=\"elementor elementor-1765\">\n\t\t\t\t<div class=\"elementor-element elementor-element-f35c690 e-flex e-con-boxed e-con e-parent\" data-id=\"f35c690\" data-element_type=\"container\">\n\t\t\t\t\t<div class=\"e-con-inner\">\n\t\t<div class=\"elementor-element elementor-element-84f4b7a e-con-full e-flex e-con e-child\" data-id=\"84f4b7a\" data-element_type=\"container\">\n\t\t\t\t<div class=\"elementor-element elementor-element-4abd303 elementor-widget elementor-widget-image\" data-id=\"4abd303\" data-element_type=\"widget\" data-widget_type=\"image.default\">\n\t\t\t\t<div class=\"elementor-widget-container\">\n\t\t\t\t\t\t\t\t\t\t\t\t<figure class=\"wp-caption\">\n\t\t\t\t\t\t\t\t\t\t\t<a href=\"https:\/\/alzaestudio.es\/wp-content\/uploads\/2024\/04\/DSC05816-scaled.jpg\" data-elementor-open-lightbox=\"yes\" data-e-action-hash=\"#elementor-action%3Aaction%3Dlightbox%26settings%3DeyJpZCI6MTc4NCwidXJsIjoiaHR0cHM6XC9cL2FsemFlc3R1ZGlvLmVzXC93cC1jb250ZW50XC91cGxvYWRzXC8yMDI0XC8wNFwvRFNDMDU4MTYtc2NhbGVkLmpwZyJ9\">\n\t\t\t\t\t\t\t<img fetchpriority=\"high\" decoding=\"async\" width=\"1516\" height=\"2560\" src=\"https:\/\/alzaestudio.es\/wp-content\/uploads\/2024\/04\/DSC05816-scaled.jpg\" class=\"attachment-full size-full wp-image-1784\" alt=\"\" srcset=\"https:\/\/alzaestudio.es\/wp-content\/uploads\/2024\/04\/DSC05816-scaled.jpg 1516w, https:\/\/alzaestudio.es\/wp-content\/uploads\/2024\/04\/DSC05816-178x300.jpg 178w, https:\/\/alzaestudio.es\/wp-content\/uploads\/2024\/04\/DSC05816-606x1024.jpg 606w, https:\/\/alzaestudio.es\/wp-content\/uploads\/2024\/04\/DSC05816-768x1297.jpg 768w, https:\/\/alzaestudio.es\/wp-content\/uploads\/2024\/04\/DSC05816-910x1536.jpg 910w, https:\/\/alzaestudio.es\/wp-content\/uploads\/2024\/04\/DSC05816-1213x2048.jpg 1213w, https:\/\/alzaestudio.es\/wp-content\/uploads\/2024\/04\/DSC05816-7x12.jpg 7w\" sizes=\"(max-width: 1516px) 100vw, 1516px\" \/>\t\t\t\t\t\t\t\t<\/a>\n\t\t\t\t\t\t\t\t\t\t\t<figcaption class=\"widget-image-caption wp-caption-text\"><\/figcaption>\n\t\t\t\t\t\t\t\t\t\t<\/figure>\n\t\t\t\t\t\t\t\t\t<\/div>\n\t\t\t\t<\/div>\n\t\t\t\t<\/div>\n\t\t<div class=\"elementor-element elementor-element-fd57a11 e-con-full e-flex e-con e-child\" data-id=\"fd57a11\" data-element_type=\"container\">\n\t\t\t\t<div class=\"elementor-element elementor-element-6fef4c9 elementor-widget elementor-widget-text-editor\" data-id=\"6fef4c9\" data-element_type=\"widget\" data-widget_type=\"text-editor.default\">\n\t\t\t\t<div class=\"elementor-widget-container\">\n\t\t\t\t\t\t\t\t\t<p><span style=\"font-size: 10pt;\"><span style=\"font-family: swiss-721-lt-cn-btl;\"><strong>FARMACIA ORTIZ &#8211; CULLEREDO<\/strong><\/span><\/span><\/p>\t\t\t\t\t\t\t\t<\/div>\n\t\t\t\t<\/div>\n\t\t\t\t<div class=\"elementor-element elementor-element-134d3ce elementor-widget elementor-widget-text-editor\" data-id=\"134d3ce\" data-element_type=\"widget\" data-widget_type=\"text-editor.default\">\n\t\t\t\t<div class=\"elementor-widget-container\">\n\t\t\t\t\t\t\t\t\t<p><span style=\"font-size: 10pt; font-family: swiss-721-lt-cn-btl;\">Proyecto de amueblamiento comercial integral de Farmacia Ortiz. Sup. 117m2<\/span><\/p><p><span style=\"font-size: 10pt; font-family: swiss-721-lt-cn-btl;\">Este proyecto tan meticuloso de reforma de mobiliario se tuvo que llevar a cabo en 3 fases claramente diferenciadas por sus categor\u00edas de producto. Fase I (higiene y bucodental) donde se realiz\u00f3 un gran mueble de suelo a techo con cajoneras integradas en toda la parte baja para poder almacenar los productos no expuestos y conseguir una buena cadena de venta. Fase II (Infantil y Ortopedia) en este caso necesitamos reubicar much\u00edsimas referencias de producto tipo bl\u00edster por lo que nos tuvimos que dise\u00f1ar un mobiliario tipo mural con numerosas cremalleras que se pueden adaptar a las necesidades del producto. Y por \u00faltimo la Fase III y la m\u00e1s importante del proyecto ya se trataba de la zona central de la Farmacia, reubicaci\u00f3n de almac\u00e9n con su correspondiente cambio de uso en el Colegio de Farmacia, Sala de Yesos y un nuevo despacho desde donde se pueda observar la entrada y salida de p\u00fablico al espaci\u00f3 comercial.<\/span><\/p><p><span style=\"font-size: 10pt; font-family: swiss-721-lt-cn-btl;\">Se trataba de un espacio comercial con una problem\u00e1tica enorme en sus capacidades de espacio y la gran afluencia de p\u00fablico. Local en forma rectangular con 2 puertas de acceso<\/span><\/p><p><span style=\"font-size: 10pt; font-family: swiss-721-lt-cn-btl;\">Para este proyecto se utilizaron materiales que tuvieran un recuerdo de los espacios de Venta de Farmacia de estilo tradicional, petici\u00f3n especial de nuestra clienta, pero con las comodidades necesarias para realizar un buen trabajo en su interior y sobre todo una buena y c\u00f3moda exposici\u00f3n de producto sin olvidarnos de la circulaci\u00f3n del cliente y la zonificaci\u00f3n del mismo.<\/span><\/p><p><span style=\"font-size: 10pt; font-family: swiss-721-lt-cn-btl;\">Se hizo una selecci\u00f3n rigurosa de materiales, melaminas herrajes y sistemas de separaci\u00f3n de ambientes empleando colores tipo m\u00e1rmol calacata, verde oliva y una madera muy similar a un fresno natural. Destacamos en este proyecto la divisi\u00f3n de estilo industrial en color cobre realizada por nuestro proveedor DIMALNOX<\/span><\/p>\t\t\t\t\t\t\t\t<\/div>\n\t\t\t\t<\/div>\n\t\t\t\t<\/div>\n\t\t\t\t\t<\/div>\n\t\t\t\t<\/div>\n\t\t<div class=\"elementor-element elementor-element-1f5edaf e-flex e-con-boxed e-con e-parent\" data-id=\"1f5edaf\" data-element_type=\"container\">\n\t\t\t\t\t<div class=\"e-con-inner\">\n\t\t<div class=\"elementor-element elementor-element-141a869 e-flex e-con-boxed e-con e-child\" data-id=\"141a869\" data-element_type=\"container\">\n\t\t\t\t\t<div class=\"e-con-inner\">\n\t\t\t\t<div class=\"elementor-element elementor-element-d30779b gallery-spacing-custom elementor-widget elementor-widget-image-gallery\" data-id=\"d30779b\" data-element_type=\"widget\" data-widget_type=\"image-gallery.default\">\n\t\t\t\t<div class=\"elementor-widget-container\">\n\t\t\t\t\t\t\t<div class=\"elementor-image-gallery\">\n\t\t\t<div id='gallery-1' class='gallery galleryid-1765 gallery-columns-3 gallery-size-neve-blog'><figure class='gallery-item'>\n\t\t\t<div class='gallery-icon landscape'>\n\t\t\t\t<a data-elementor-open-lightbox=\"yes\" data-elementor-lightbox-slideshow=\"d30779b\" data-e-action-hash=\"#elementor-action%3Aaction%3Dlightbox%26settings%3DeyJpZCI6MTc4NSwidXJsIjoiaHR0cHM6XC9cL2FsemFlc3R1ZGlvLmVzXC93cC1jb250ZW50XC91cGxvYWRzXC8yMDI0XC8wNFwvRFNDMDU4MTcuanBnIiwic2xpZGVzaG93IjoiZDMwNzc5YiJ9\" href='https:\/\/alzaestudio.es\/wp-content\/uploads\/2024\/04\/DSC05817.jpg'><img decoding=\"async\" width=\"930\" height=\"620\" src=\"https:\/\/alzaestudio.es\/wp-content\/uploads\/2024\/04\/DSC05817-930x620.jpg\" class=\"attachment-neve-blog size-neve-blog\" alt=\"\" srcset=\"https:\/\/alzaestudio.es\/wp-content\/uploads\/2024\/04\/DSC05817-930x620.jpg 930w, https:\/\/alzaestudio.es\/wp-content\/uploads\/2024\/04\/DSC05817-300x200.jpg 300w, https:\/\/alzaestudio.es\/wp-content\/uploads\/2024\/04\/DSC05817-1024x683.jpg 1024w, https:\/\/alzaestudio.es\/wp-content\/uploads\/2024\/04\/DSC05817-768x512.jpg 768w, https:\/\/alzaestudio.es\/wp-content\/uploads\/2024\/04\/DSC05817-1536x1024.jpg 1536w, https:\/\/alzaestudio.es\/wp-content\/uploads\/2024\/04\/DSC05817-18x12.jpg 18w, https:\/\/alzaestudio.es\/wp-content\/uploads\/2024\/04\/DSC05817.jpg 2048w\" sizes=\"(max-width: 930px) 100vw, 930px\" \/><\/a>\n\t\t\t<\/div><\/figure><figure class='gallery-item'>\n\t\t\t<div class='gallery-icon portrait'>\n\t\t\t\t<a data-elementor-open-lightbox=\"yes\" data-elementor-lightbox-slideshow=\"d30779b\" data-e-action-hash=\"#elementor-action%3Aaction%3Dlightbox%26settings%3DeyJpZCI6MTc4MywidXJsIjoiaHR0cHM6XC9cL2FsemFlc3R1ZGlvLmVzXC93cC1jb250ZW50XC91cGxvYWRzXC8yMDI0XC8wNFwvRFNDMDU4MTItc2NhbGVkLmpwZyIsInNsaWRlc2hvdyI6ImQzMDc3OWIifQ%3D%3D\" href='https:\/\/alzaestudio.es\/wp-content\/uploads\/2024\/04\/DSC05812-scaled.jpg'><img decoding=\"async\" width=\"930\" height=\"620\" src=\"https:\/\/alzaestudio.es\/wp-content\/uploads\/2024\/04\/DSC05812-930x620.jpg\" class=\"attachment-neve-blog size-neve-blog\" alt=\"\" \/><\/a>\n\t\t\t<\/div><\/figure><figure class='gallery-item'>\n\t\t\t<div class='gallery-icon landscape'>\n\t\t\t\t<a data-elementor-open-lightbox=\"yes\" data-elementor-lightbox-slideshow=\"d30779b\" data-e-action-hash=\"#elementor-action%3Aaction%3Dlightbox%26settings%3DeyJpZCI6MTc3NywidXJsIjoiaHR0cHM6XC9cL2FsemFlc3R1ZGlvLmVzXC93cC1jb250ZW50XC91cGxvYWRzXC8yMDI0XC8wNFwvRFNDMDU3ODkuanBnIiwic2xpZGVzaG93IjoiZDMwNzc5YiJ9\" href='https:\/\/alzaestudio.es\/wp-content\/uploads\/2024\/04\/DSC05789.jpg'><img loading=\"lazy\" decoding=\"async\" width=\"930\" height=\"620\" src=\"https:\/\/alzaestudio.es\/wp-content\/uploads\/2024\/04\/DSC05789-930x620.jpg\" class=\"attachment-neve-blog size-neve-blog\" alt=\"\" srcset=\"https:\/\/alzaestudio.es\/wp-content\/uploads\/2024\/04\/DSC05789-930x620.jpg 930w, https:\/\/alzaestudio.es\/wp-content\/uploads\/2024\/04\/DSC05789-300x200.jpg 300w, https:\/\/alzaestudio.es\/wp-content\/uploads\/2024\/04\/DSC05789-1024x683.jpg 1024w, https:\/\/alzaestudio.es\/wp-content\/uploads\/2024\/04\/DSC05789-768x512.jpg 768w, https:\/\/alzaestudio.es\/wp-content\/uploads\/2024\/04\/DSC05789-1536x1024.jpg 1536w, https:\/\/alzaestudio.es\/wp-content\/uploads\/2024\/04\/DSC05789-18x12.jpg 18w, https:\/\/alzaestudio.es\/wp-content\/uploads\/2024\/04\/DSC05789.jpg 2048w\" sizes=\"(max-width: 930px) 100vw, 930px\" \/><\/a>\n\t\t\t<\/div><\/figure><figure class='gallery-item'>\n\t\t\t<div class='gallery-icon landscape'>\n\t\t\t\t<a data-elementor-open-lightbox=\"yes\" data-elementor-lightbox-slideshow=\"d30779b\" data-e-action-hash=\"#elementor-action%3Aaction%3Dlightbox%26settings%3DeyJpZCI6MTc4NiwidXJsIjoiaHR0cHM6XC9cL2FsemFlc3R1ZGlvLmVzXC93cC1jb250ZW50XC91cGxvYWRzXC8yMDI0XC8wNFwvRFNDMDU4MjAuanBnIiwic2xpZGVzaG93IjoiZDMwNzc5YiJ9\" href='https:\/\/alzaestudio.es\/wp-content\/uploads\/2024\/04\/DSC05820.jpg'><img loading=\"lazy\" decoding=\"async\" width=\"930\" height=\"620\" src=\"https:\/\/alzaestudio.es\/wp-content\/uploads\/2024\/04\/DSC05820-930x620.jpg\" class=\"attachment-neve-blog size-neve-blog\" alt=\"\" srcset=\"https:\/\/alzaestudio.es\/wp-content\/uploads\/2024\/04\/DSC05820-930x620.jpg 930w, https:\/\/alzaestudio.es\/wp-content\/uploads\/2024\/04\/DSC05820-300x200.jpg 300w, https:\/\/alzaestudio.es\/wp-content\/uploads\/2024\/04\/DSC05820-1024x683.jpg 1024w, https:\/\/alzaestudio.es\/wp-content\/uploads\/2024\/04\/DSC05820-768x512.jpg 768w, https:\/\/alzaestudio.es\/wp-content\/uploads\/2024\/04\/DSC05820-1536x1024.jpg 1536w, https:\/\/alzaestudio.es\/wp-content\/uploads\/2024\/04\/DSC05820-18x12.jpg 18w, https:\/\/alzaestudio.es\/wp-content\/uploads\/2024\/04\/DSC05820.jpg 2048w\" sizes=\"(max-width: 930px) 100vw, 930px\" \/><\/a>\n\t\t\t<\/div><\/figure><figure class='gallery-item'>\n\t\t\t<div class='gallery-icon landscape'>\n\t\t\t\t<a data-elementor-open-lightbox=\"yes\" data-elementor-lightbox-slideshow=\"d30779b\" data-e-action-hash=\"#elementor-action%3Aaction%3Dlightbox%26settings%3DeyJpZCI6MTc3MCwidXJsIjoiaHR0cHM6XC9cL2FsemFlc3R1ZGlvLmVzXC93cC1jb250ZW50XC91cGxvYWRzXC8yMDI0XC8wNFwvRFNDMDUzMTItSERSLmpwZyIsInNsaWRlc2hvdyI6ImQzMDc3OWIifQ%3D%3D\" href='https:\/\/alzaestudio.es\/wp-content\/uploads\/2024\/04\/DSC05312-HDR.jpg'><img loading=\"lazy\" decoding=\"async\" width=\"930\" height=\"620\" src=\"https:\/\/alzaestudio.es\/wp-content\/uploads\/2024\/04\/DSC05312-HDR-930x620.jpg\" class=\"attachment-neve-blog size-neve-blog\" alt=\"\" srcset=\"https:\/\/alzaestudio.es\/wp-content\/uploads\/2024\/04\/DSC05312-HDR-930x620.jpg 930w, https:\/\/alzaestudio.es\/wp-content\/uploads\/2024\/04\/DSC05312-HDR-300x200.jpg 300w, https:\/\/alzaestudio.es\/wp-content\/uploads\/2024\/04\/DSC05312-HDR-1024x683.jpg 1024w, https:\/\/alzaestudio.es\/wp-content\/uploads\/2024\/04\/DSC05312-HDR-768x512.jpg 768w, https:\/\/alzaestudio.es\/wp-content\/uploads\/2024\/04\/DSC05312-HDR-1536x1024.jpg 1536w, https:\/\/alzaestudio.es\/wp-content\/uploads\/2024\/04\/DSC05312-HDR-18x12.jpg 18w, https:\/\/alzaestudio.es\/wp-content\/uploads\/2024\/04\/DSC05312-HDR.jpg 2048w\" sizes=\"(max-width: 930px) 100vw, 930px\" \/><\/a>\n\t\t\t<\/div><\/figure><figure class='gallery-item'>\n\t\t\t<div class='gallery-icon portrait'>\n\t\t\t\t<a data-elementor-open-lightbox=\"yes\" data-elementor-lightbox-slideshow=\"d30779b\" data-e-action-hash=\"#elementor-action%3Aaction%3Dlightbox%26settings%3DeyJpZCI6MTc3OSwidXJsIjoiaHR0cHM6XC9cL2FsemFlc3R1ZGlvLmVzXC93cC1jb250ZW50XC91cGxvYWRzXC8yMDI0XC8wNFwvRFNDMDU3OTUtc2NhbGVkLmpwZyIsInNsaWRlc2hvdyI6ImQzMDc3OWIifQ%3D%3D\" href='https:\/\/alzaestudio.es\/wp-content\/uploads\/2024\/04\/DSC05795-scaled.jpg'><img loading=\"lazy\" decoding=\"async\" width=\"930\" height=\"620\" src=\"https:\/\/alzaestudio.es\/wp-content\/uploads\/2024\/04\/DSC05795-930x620.jpg\" class=\"attachment-neve-blog size-neve-blog\" alt=\"\" \/><\/a>\n\t\t\t<\/div><\/figure><figure class='gallery-item'>\n\t\t\t<div class='gallery-icon landscape'>\n\t\t\t\t<a data-elementor-open-lightbox=\"yes\" data-elementor-lightbox-slideshow=\"d30779b\" data-e-action-hash=\"#elementor-action%3Aaction%3Dlightbox%26settings%3DeyJpZCI6MTc3NSwidXJsIjoiaHR0cHM6XC9cL2FsemFlc3R1ZGlvLmVzXC93cC1jb250ZW50XC91cGxvYWRzXC8yMDI0XC8wNFwvRFNDMDU3ODMuanBnIiwic2xpZGVzaG93IjoiZDMwNzc5YiJ9\" href='https:\/\/alzaestudio.es\/wp-content\/uploads\/2024\/04\/DSC05783.jpg'><img loading=\"lazy\" decoding=\"async\" width=\"930\" height=\"620\" src=\"https:\/\/alzaestudio.es\/wp-content\/uploads\/2024\/04\/DSC05783-930x620.jpg\" class=\"attachment-neve-blog size-neve-blog\" alt=\"\" srcset=\"https:\/\/alzaestudio.es\/wp-content\/uploads\/2024\/04\/DSC05783-930x620.jpg 930w, https:\/\/alzaestudio.es\/wp-content\/uploads\/2024\/04\/DSC05783-300x200.jpg 300w, https:\/\/alzaestudio.es\/wp-content\/uploads\/2024\/04\/DSC05783-1024x683.jpg 1024w, https:\/\/alzaestudio.es\/wp-content\/uploads\/2024\/04\/DSC05783-768x512.jpg 768w, https:\/\/alzaestudio.es\/wp-content\/uploads\/2024\/04\/DSC05783-1536x1024.jpg 1536w, https:\/\/alzaestudio.es\/wp-content\/uploads\/2024\/04\/DSC05783-18x12.jpg 18w, https:\/\/alzaestudio.es\/wp-content\/uploads\/2024\/04\/DSC05783.jpg 2048w\" sizes=\"(max-width: 930px) 100vw, 930px\" \/><\/a>\n\t\t\t<\/div><\/figure><figure class='gallery-item'>\n\t\t\t<div class='gallery-icon landscape'>\n\t\t\t\t<a data-elementor-open-lightbox=\"yes\" data-elementor-lightbox-slideshow=\"d30779b\" data-e-action-hash=\"#elementor-action%3Aaction%3Dlightbox%26settings%3DeyJpZCI6MTc4MiwidXJsIjoiaHR0cHM6XC9cL2FsemFlc3R1ZGlvLmVzXC93cC1jb250ZW50XC91cGxvYWRzXC8yMDI0XC8wNFwvRFNDMDU4MDQuanBnIiwic2xpZGVzaG93IjoiZDMwNzc5YiJ9\" href='https:\/\/alzaestudio.es\/wp-content\/uploads\/2024\/04\/DSC05804.jpg'><img loading=\"lazy\" decoding=\"async\" width=\"930\" height=\"620\" src=\"https:\/\/alzaestudio.es\/wp-content\/uploads\/2024\/04\/DSC05804-930x620.jpg\" class=\"attachment-neve-blog size-neve-blog\" alt=\"\" srcset=\"https:\/\/alzaestudio.es\/wp-content\/uploads\/2024\/04\/DSC05804-930x620.jpg 930w, https:\/\/alzaestudio.es\/wp-content\/uploads\/2024\/04\/DSC05804-300x200.jpg 300w, https:\/\/alzaestudio.es\/wp-content\/uploads\/2024\/04\/DSC05804-1024x683.jpg 1024w, https:\/\/alzaestudio.es\/wp-content\/uploads\/2024\/04\/DSC05804-768x512.jpg 768w, https:\/\/alzaestudio.es\/wp-content\/uploads\/2024\/04\/DSC05804-1536x1024.jpg 1536w, https:\/\/alzaestudio.es\/wp-content\/uploads\/2024\/04\/DSC05804-18x12.jpg 18w, https:\/\/alzaestudio.es\/wp-content\/uploads\/2024\/04\/DSC05804.jpg 2048w\" sizes=\"(max-width: 930px) 100vw, 930px\" \/><\/a>\n\t\t\t<\/div><\/figure>\n\t\t<\/div>\n\t\t<\/div>\n\t\t\t\t\t\t<\/div>\n\t\t\t\t<\/div>\n\t\t\t\t\t<\/div>\n\t\t\t\t<\/div>\n\t\t\t\t\t<\/div>\n\t\t\t\t<\/div>\n\t\t\t\t<\/div>","protected":false},"excerpt":{"rendered":"<p>FARMACIA ORTIZ &#8211; CULLEREDO Proyecto de amueblamiento comercial integral de Farmacia Ortiz. Sup. 117m2 Este proyecto tan meticuloso de reforma de mobiliario se tuvo que llevar a cabo en 3 fases claramente diferenciadas por sus categor\u00edas de producto. Fase I (higiene y bucodental) donde se realiz\u00f3 un gran mueble de suelo a techo con cajoneras&hellip;&nbsp;<a href=\"https:\/\/alzaestudio.es\/gl\/farmaciaortiz\/\" rel=\"bookmark\">Read More &raquo;<span class=\"screen-reader-text\">Farmacia Ortiz<\/span><\/a><\/p>","protected":false},"author":1,"featured_media":0,"parent":0,"menu_order":0,"comment_status":"closed","ping_status":"closed","template":"","meta":{"neve_meta_sidebar":"","neve_meta_container":"","neve_meta_enable_content_width":"","neve_meta_content_width":0,"neve_meta_title_alignment":"","neve_meta_author_avatar":"","neve_post_elements_order":"","neve_meta_disable_header":"","neve_meta_disable_footer":"","neve_meta_disable_title":"on","neve_meta_reading_time":"","_ti_tpc_template_sync":false,"_ti_tpc_template_id":"","footnotes":""},"yoast_head":"<!-- This site is optimized with the Yoast SEO plugin v23.0 - https:\/\/yoast.com\/wordpress\/plugins\/seo\/ -->\n<title>Farmacia Ortiz - Alza Estudio Interiorismo<\/title>\n<meta name=\"robots\" content=\"index, follow, max-snippet:-1, max-image-preview:large, max-video-preview:-1\" \/>\n<link rel=\"canonical\" href=\"https:\/\/alzaestudio.es\/gl\/farmaciaortiz\/\" \/>\n<meta property=\"og:locale\" content=\"gl_ES\" \/>\n<meta property=\"og:type\" content=\"article\" \/>\n<meta property=\"og:title\" content=\"Farmacia Ortiz - Alza Estudio Interiorismo\" \/>\n<meta property=\"og:description\" content=\"FARMACIA ORTIZ &#8211; CULLEREDO Proyecto de amueblamiento comercial integral de Farmacia Ortiz. Sup. 117m2 Este proyecto tan meticuloso de reforma de mobiliario se tuvo que llevar a cabo en 3 fases claramente diferenciadas por sus categor\u00edas de producto. Fase I (higiene y bucodental) donde se realiz\u00f3 un gran mueble de suelo a techo con cajoneras&hellip;&nbsp;Read More &raquo;Farmacia Ortiz\" \/>\n<meta property=\"og:url\" content=\"https:\/\/alzaestudio.es\/gl\/farmaciaortiz\/\" \/>\n<meta property=\"og:site_name\" content=\"Alza Estudio Interiorismo\" \/>\n<meta property=\"article:modified_time\" content=\"2024-04-30T15:42:36+00:00\" \/>\n<meta property=\"og:image\" content=\"https:\/\/alzaestudio.es\/wp-content\/uploads\/2024\/04\/DSC05816-scaled.jpg\" \/>\n<meta name=\"twitter:card\" content=\"summary_large_image\" \/>\n<meta name=\"twitter:label1\" content=\"Tempo de lectura\" \/>\n\t<meta name=\"twitter:data1\" content=\"4 minutos\" \/>\n<script type=\"application\/ld+json\" class=\"yoast-schema-graph\">{\"@context\":\"https:\/\/schema.org\",\"@graph\":[{\"@type\":\"WebPage\",\"@id\":\"https:\/\/alzaestudio.es\/farmaciaortiz\/\",\"url\":\"https:\/\/alzaestudio.es\/farmaciaortiz\/\",\"name\":\"Farmacia Ortiz - Alza Estudio Interiorismo\",\"isPartOf\":{\"@id\":\"https:\/\/alzaestudio.es\/#website\"},\"primaryImageOfPage\":{\"@id\":\"https:\/\/alzaestudio.es\/farmaciaortiz\/#primaryimage\"},\"image\":{\"@id\":\"https:\/\/alzaestudio.es\/farmaciaortiz\/#primaryimage\"},\"thumbnailUrl\":\"https:\/\/alzaestudio.es\/wp-content\/uploads\/2024\/04\/DSC05816-scaled.jpg\",\"datePublished\":\"2024-04-26T18:03:43+00:00\",\"dateModified\":\"2024-04-30T15:42:36+00:00\",\"breadcrumb\":{\"@id\":\"https:\/\/alzaestudio.es\/farmaciaortiz\/#breadcrumb\"},\"inLanguage\":\"gl-ES\",\"potentialAction\":[{\"@type\":\"ReadAction\",\"target\":[\"https:\/\/alzaestudio.es\/farmaciaortiz\/\"]}]},{\"@type\":\"ImageObject\",\"inLanguage\":\"gl-ES\",\"@id\":\"https:\/\/alzaestudio.es\/farmaciaortiz\/#primaryimage\",\"url\":\"https:\/\/alzaestudio.es\/wp-content\/uploads\/2024\/04\/DSC05816-scaled.jpg\",\"contentUrl\":\"https:\/\/alzaestudio.es\/wp-content\/uploads\/2024\/04\/DSC05816-scaled.jpg\"},{\"@type\":\"BreadcrumbList\",\"@id\":\"https:\/\/alzaestudio.es\/farmaciaortiz\/#breadcrumb\",\"itemListElement\":[{\"@type\":\"ListItem\",\"position\":1,\"name\":\"Portada\",\"item\":\"https:\/\/alzaestudio.es\/\"},{\"@type\":\"ListItem\",\"position\":2,\"name\":\"Farmacia Ortiz\"}]},{\"@type\":\"WebSite\",\"@id\":\"https:\/\/alzaestudio.es\/#website\",\"url\":\"https:\/\/alzaestudio.es\/\",\"name\":\"Alza Estudio Interiorismo\",\"description\":\"Interiorismo\",\"publisher\":{\"@id\":\"https:\/\/alzaestudio.es\/#organization\"},\"potentialAction\":[{\"@type\":\"SearchAction\",\"target\":{\"@type\":\"EntryPoint\",\"urlTemplate\":\"https:\/\/alzaestudio.es\/?s={search_term_string}\"},\"query-input\":\"required name=search_term_string\"}],\"inLanguage\":\"gl-ES\"},{\"@type\":\"Organization\",\"@id\":\"https:\/\/alzaestudio.es\/#organization\",\"name\":\"Alza Estudio Interiorismo\",\"url\":\"https:\/\/alzaestudio.es\/\",\"logo\":{\"@type\":\"ImageObject\",\"inLanguage\":\"gl-ES\",\"@id\":\"https:\/\/alzaestudio.es\/#\/schema\/logo\/image\/\",\"url\":\"https:\/\/alzaestudio.es\/wp-content\/uploads\/2024\/03\/alza_2.png\",\"contentUrl\":\"https:\/\/alzaestudio.es\/wp-content\/uploads\/2024\/03\/alza_2.png\",\"width\":700,\"height\":303,\"caption\":\"Alza Estudio Interiorismo\"},\"image\":{\"@id\":\"https:\/\/alzaestudio.es\/#\/schema\/logo\/image\/\"},\"sameAs\":[\"https:\/\/www.instagram.com\/alza.estudio\"]}]}<\/script>\n<!-- \/ Yoast SEO plugin. -->","yoast_head_json":{"title":"Farmacia Ortiz - Alza Estudio Interiorismo","robots":{"index":"index","follow":"follow","max-snippet":"max-snippet:-1","max-image-preview":"max-image-preview:large","max-video-preview":"max-video-preview:-1"},"canonical":"https:\/\/alzaestudio.es\/gl\/farmaciaortiz\/","og_locale":"gl_ES","og_type":"article","og_title":"Farmacia Ortiz - Alza Estudio Interiorismo","og_description":"FARMACIA ORTIZ &#8211; CULLEREDO Proyecto de amueblamiento comercial integral de Farmacia Ortiz. Sup. 117m2 Este proyecto tan meticuloso de reforma de mobiliario se tuvo que llevar a cabo en 3 fases claramente diferenciadas por sus categor\u00edas de producto. Fase I (higiene y bucodental) donde se realiz\u00f3 un gran mueble de suelo a techo con cajoneras&hellip;&nbsp;Read More &raquo;Farmacia Ortiz","og_url":"https:\/\/alzaestudio.es\/gl\/farmaciaortiz\/","og_site_name":"Alza Estudio Interiorismo","article_modified_time":"2024-04-30T15:42:36+00:00","og_image":[{"url":"https:\/\/alzaestudio.es\/wp-content\/uploads\/2024\/04\/DSC05816-scaled.jpg"}],"twitter_card":"summary_large_image","twitter_misc":{"Tempo de lectura":"4 minutos"},"schema":{"@context":"https:\/\/schema.org","@graph":[{"@type":"WebPage","@id":"https:\/\/alzaestudio.es\/farmaciaortiz\/","url":"https:\/\/alzaestudio.es\/farmaciaortiz\/","name":"Farmacia Ortiz - Alza Estudio Interiorismo","isPartOf":{"@id":"https:\/\/alzaestudio.es\/#website"},"primaryImageOfPage":{"@id":"https:\/\/alzaestudio.es\/farmaciaortiz\/#primaryimage"},"image":{"@id":"https:\/\/alzaestudio.es\/farmaciaortiz\/#primaryimage"},"thumbnailUrl":"https:\/\/alzaestudio.es\/wp-content\/uploads\/2024\/04\/DSC05816-scaled.jpg","datePublished":"2024-04-26T18:03:43+00:00","dateModified":"2024-04-30T15:42:36+00:00","breadcrumb":{"@id":"https:\/\/alzaestudio.es\/farmaciaortiz\/#breadcrumb"},"inLanguage":"gl-ES","potentialAction":[{"@type":"ReadAction","target":["https:\/\/alzaestudio.es\/farmaciaortiz\/"]}]},{"@type":"ImageObject","inLanguage":"gl-ES","@id":"https:\/\/alzaestudio.es\/farmaciaortiz\/#primaryimage","url":"https:\/\/alzaestudio.es\/wp-content\/uploads\/2024\/04\/DSC05816-scaled.jpg","contentUrl":"https:\/\/alzaestudio.es\/wp-content\/uploads\/2024\/04\/DSC05816-scaled.jpg"},{"@type":"BreadcrumbList","@id":"https:\/\/alzaestudio.es\/farmaciaortiz\/#breadcrumb","itemListElement":[{"@type":"ListItem","position":1,"name":"Portada","item":"https:\/\/alzaestudio.es\/"},{"@type":"ListItem","position":2,"name":"Farmacia Ortiz"}]},{"@type":"WebSite","@id":"https:\/\/alzaestudio.es\/#website","url":"https:\/\/alzaestudio.es\/","name":"Alza Estudio Interiorismo","description":"Interiorismo","publisher":{"@id":"https:\/\/alzaestudio.es\/#organization"},"potentialAction":[{"@type":"SearchAction","target":{"@type":"EntryPoint","urlTemplate":"https:\/\/alzaestudio.es\/?s={search_term_string}"},"query-input":"required name=search_term_string"}],"inLanguage":"gl-ES"},{"@type":"Organization","@id":"https:\/\/alzaestudio.es\/#organization","name":"Alza Estudio Interiorismo","url":"https:\/\/alzaestudio.es\/","logo":{"@type":"ImageObject","inLanguage":"gl-ES","@id":"https:\/\/alzaestudio.es\/#\/schema\/logo\/image\/","url":"https:\/\/alzaestudio.es\/wp-content\/uploads\/2024\/03\/alza_2.png","contentUrl":"https:\/\/alzaestudio.es\/wp-content\/uploads\/2024\/03\/alza_2.png","width":700,"height":303,"caption":"Alza Estudio Interiorismo"},"image":{"@id":"https:\/\/alzaestudio.es\/#\/schema\/logo\/image\/"},"sameAs":["https:\/\/www.instagram.com\/alza.estudio"]}]}},"_links":{"self":[{"href":"https:\/\/alzaestudio.es\/gl\/wp-json\/wp\/v2\/pages\/1765"}],"collection":[{"href":"https:\/\/alzaestudio.es\/gl\/wp-json\/wp\/v2\/pages"}],"about":[{"href":"https:\/\/alzaestudio.es\/gl\/wp-json\/wp\/v2\/types\/page"}],"author":[{"embeddable":true,"href":"https:\/\/alzaestudio.es\/gl\/wp-json\/wp\/v2\/users\/1"}],"replies":[{"embeddable":true,"href":"https:\/\/alzaestudio.es\/gl\/wp-json\/wp\/v2\/comments?post=1765"}],"version-history":[{"count":11,"href":"https:\/\/alzaestudio.es\/gl\/wp-json\/wp\/v2\/pages\/1765\/revisions"}],"predecessor-version":[{"id":1967,"href":"https:\/\/alzaestudio.es\/gl\/wp-json\/wp\/v2\/pages\/1765\/revisions\/1967"}],"wp:attachment":[{"href":"https:\/\/alzaestudio.es\/gl\/wp-json\/wp\/v2\/media?parent=1765"}],"curies":[{"name":"wp","href":"https:\/\/api.w.org\/{rel}","templated":true}]}}