{"id":1716,"date":"2024-04-26T19:32:29","date_gmt":"2024-04-26T17:32:29","guid":{"rendered":"https:\/\/alzaestudio.es\/?page_id=1716"},"modified":"2024-04-30T17:34:44","modified_gmt":"2024-04-30T15:34:44","slug":"juanflorez","status":"publish","type":"page","link":"https:\/\/alzaestudio.es\/gl\/juanflorez\/","title":{"rendered":"Juan Florez"},"content":{"rendered":"<div data-elementor-type=\"wp-page\" data-elementor-id=\"1716\" class=\"elementor elementor-1716\">\n\t\t\t\t<div class=\"elementor-element elementor-element-f35c690 e-flex e-con-boxed e-con e-parent\" data-id=\"f35c690\" data-element_type=\"container\">\n\t\t\t\t\t<div class=\"e-con-inner\">\n\t\t<div class=\"elementor-element elementor-element-84f4b7a e-con-full e-flex e-con e-child\" data-id=\"84f4b7a\" data-element_type=\"container\">\n\t\t\t\t<div class=\"elementor-element elementor-element-2787d0d elementor-widget elementor-widget-image\" data-id=\"2787d0d\" data-element_type=\"widget\" data-widget_type=\"image.default\">\n\t\t\t\t<div class=\"elementor-widget-container\">\n\t\t\t\t\t\t\t\t\t\t\t\t<figure class=\"wp-caption\">\n\t\t\t\t\t\t\t\t\t\t\t<a href=\"https:\/\/alzaestudio.es\/wp-content\/uploads\/2024\/04\/detalle-6.jpg\" data-elementor-open-lightbox=\"yes\" data-e-action-hash=\"#elementor-action%3Aaction%3Dlightbox%26settings%3DeyJpZCI6MTcwNywidXJsIjoiaHR0cHM6XC9cL2FsemFlc3R1ZGlvLmVzXC93cC1jb250ZW50XC91cGxvYWRzXC8yMDI0XC8wNFwvZGV0YWxsZS02LmpwZyJ9\">\n\t\t\t\t\t\t\t<img fetchpriority=\"high\" decoding=\"async\" width=\"830\" height=\"999\" src=\"https:\/\/alzaestudio.es\/wp-content\/uploads\/2024\/04\/detalle-6.jpg\" class=\"attachment-full size-full wp-image-1707\" alt=\"\" srcset=\"https:\/\/alzaestudio.es\/wp-content\/uploads\/2024\/04\/detalle-6.jpg 830w, https:\/\/alzaestudio.es\/wp-content\/uploads\/2024\/04\/detalle-6-249x300.jpg 249w, https:\/\/alzaestudio.es\/wp-content\/uploads\/2024\/04\/detalle-6-768x924.jpg 768w, https:\/\/alzaestudio.es\/wp-content\/uploads\/2024\/04\/detalle-6-10x12.jpg 10w\" sizes=\"(max-width: 830px) 100vw, 830px\" \/>\t\t\t\t\t\t\t\t<\/a>\n\t\t\t\t\t\t\t\t\t\t\t<figcaption class=\"widget-image-caption wp-caption-text\"><\/figcaption>\n\t\t\t\t\t\t\t\t\t\t<\/figure>\n\t\t\t\t\t\t\t\t\t<\/div>\n\t\t\t\t<\/div>\n\t\t\t\t<\/div>\n\t\t<div class=\"elementor-element elementor-element-fd57a11 e-con-full e-flex e-con e-child\" data-id=\"fd57a11\" data-element_type=\"container\">\n\t\t\t\t<div class=\"elementor-element elementor-element-eb962ec elementor-widget elementor-widget-text-editor\" data-id=\"eb962ec\" data-element_type=\"widget\" data-widget_type=\"text-editor.default\">\n\t\t\t\t<div class=\"elementor-widget-container\">\n\t\t\t\t\t\t\t\t\t<p><span style=\"font-size: 10pt;\"><span style=\"font-family: swiss-721-lt-cn-btl;\"><strong>JUAN FLOREZ &#8211; A CORU\u00d1A<\/strong><\/span><\/span><\/p>\t\t\t\t\t\t\t\t<\/div>\n\t\t\t\t<\/div>\n\t\t\t\t<div class=\"elementor-element elementor-element-134d3ce elementor-widget elementor-widget-text-editor\" data-id=\"134d3ce\" data-element_type=\"widget\" data-widget_type=\"text-editor.default\">\n\t\t\t\t<div class=\"elementor-widget-container\">\n\t\t\t\t\t\t\t\t\t<p><span style=\"font-family: swiss-721-lt-cn-btl; font-size: 10pt;\">Este proyecto de reforma de cocina y lavadero tenia una complejidad que no hacia f\u00e1cil la obra ya que contaba con 3 puertas (1 de servicio y otras 2 de comunicaci\u00f3n con el resto de la vivienda) y no pod\u00edamos prescindir de ninguna.<\/span><\/p><p><span style=\"font-size: 10pt; font-family: swiss-721-lt-cn-btl;\">Esta estancia es el n\u00facleo central de una gran vivienda de cerca de 200 m2 y la premisa m\u00e1s importante es el almacenamiento y la funcionalidad.<\/span><\/p><p><span style=\"font-size: 10pt; font-family: swiss-721-lt-cn-btl;\">Para los suelos se utiliz\u00f3 un gres porcel\u00e1nico de grandes dimensiones estilo cemento, el mobiliario totalmente realizado a medida por Carpinter\u00eda MADENOR, con puertas y caceroleros muestran una gran capacidad de almacenamiento todo los lacados en Blanco RAL 9010, encimeras y traseras en Dekton COSENTINO y electrodom\u00e9sticos tambi\u00e9n en Blanco.<\/span><\/p><p><span style=\"font-size: 10pt; font-family: swiss-721-lt-cn-btl;\">Las ventanas de guillotina y puerta corredera realizadas a medida y lacadas tambi\u00e9n en blanco que comunican con lavander\u00eda y patios de manzana le conceden un aire rom\u00e1ntico.<\/span><\/p>\t\t\t\t\t\t\t\t<\/div>\n\t\t\t\t<\/div>\n\t\t\t\t<\/div>\n\t\t\t\t\t<\/div>\n\t\t\t\t<\/div>\n\t\t<div class=\"elementor-element elementor-element-70a5941 e-flex e-con-boxed e-con e-parent\" data-id=\"70a5941\" data-element_type=\"container\">\n\t\t\t\t\t<div class=\"e-con-inner\">\n\t\t<div class=\"elementor-element elementor-element-d077065 e-flex e-con-boxed e-con e-child\" data-id=\"d077065\" data-element_type=\"container\">\n\t\t\t\t\t<div class=\"e-con-inner\">\n\t\t\t\t<div class=\"elementor-element elementor-element-a0a3c40 gallery-spacing-custom elementor-widget elementor-widget-image-gallery\" data-id=\"a0a3c40\" data-element_type=\"widget\" data-widget_type=\"image-gallery.default\">\n\t\t\t\t<div class=\"elementor-widget-container\">\n\t\t\t\t\t\t\t<div class=\"elementor-image-gallery\">\n\t\t\t<div id='gallery-1' class='gallery galleryid-1716 gallery-columns-3 gallery-size-neve-blog'><figure class='gallery-item'>\n\t\t\t<div class='gallery-icon landscape'>\n\t\t\t\t<a data-elementor-open-lightbox=\"yes\" data-elementor-lightbox-slideshow=\"a0a3c40\" data-e-action-hash=\"#elementor-action%3Aaction%3Dlightbox%26settings%3DeyJpZCI6MTcwNiwidXJsIjoiaHR0cHM6XC9cL2FsemFlc3R1ZGlvLmVzXC93cC1jb250ZW50XC91cGxvYWRzXC8yMDI0XC8wNFwvMjAyMzA1MjZfMTkyMjA5LnBuZyIsInNsaWRlc2hvdyI6ImEwYTNjNDAifQ%3D%3D\" href='https:\/\/alzaestudio.es\/wp-content\/uploads\/2024\/04\/20230526_192209.png'><img decoding=\"async\" width=\"930\" height=\"620\" src=\"https:\/\/alzaestudio.es\/wp-content\/uploads\/2024\/04\/20230526_192209-930x620.png\" class=\"attachment-neve-blog size-neve-blog\" alt=\"\" srcset=\"https:\/\/alzaestudio.es\/wp-content\/uploads\/2024\/04\/20230526_192209-930x620.png 930w, https:\/\/alzaestudio.es\/wp-content\/uploads\/2024\/04\/20230526_192209-16x12.png 16w\" sizes=\"(max-width: 930px) 100vw, 930px\" \/><\/a>\n\t\t\t<\/div><\/figure><figure class='gallery-item'>\n\t\t\t<div class='gallery-icon portrait'>\n\t\t\t\t<a data-elementor-open-lightbox=\"yes\" data-elementor-lightbox-slideshow=\"a0a3c40\" data-e-action-hash=\"#elementor-action%3Aaction%3Dlightbox%26settings%3DeyJpZCI6MTY5NSwidXJsIjoiaHR0cHM6XC9cL2FsemFlc3R1ZGlvLmVzXC93cC1jb250ZW50XC91cGxvYWRzXC8yMDI0XC8wNFwvMjAyMzA1MjZfMTg1NjUwLnBuZyIsInNsaWRlc2hvdyI6ImEwYTNjNDAifQ%3D%3D\" href='https:\/\/alzaestudio.es\/wp-content\/uploads\/2024\/04\/20230526_185650.png'><img decoding=\"async\" width=\"930\" height=\"620\" src=\"https:\/\/alzaestudio.es\/wp-content\/uploads\/2024\/04\/20230526_185650-930x620.png\" class=\"attachment-neve-blog size-neve-blog\" alt=\"\" \/><\/a>\n\t\t\t<\/div><\/figure><figure class='gallery-item'>\n\t\t\t<div class='gallery-icon landscape'>\n\t\t\t\t<a data-elementor-open-lightbox=\"yes\" data-elementor-lightbox-slideshow=\"a0a3c40\" data-e-action-hash=\"#elementor-action%3Aaction%3Dlightbox%26settings%3DeyJpZCI6MTY5NiwidXJsIjoiaHR0cHM6XC9cL2FsemFlc3R1ZGlvLmVzXC93cC1jb250ZW50XC91cGxvYWRzXC8yMDI0XC8wNFwvMjAyMzA1MjZfMTg1NzU4LXNjYWxlZC5qcGciLCJzbGlkZXNob3ciOiJhMGEzYzQwIn0%3D\" href='https:\/\/alzaestudio.es\/wp-content\/uploads\/2024\/04\/20230526_185758-scaled.jpg'><img loading=\"lazy\" decoding=\"async\" width=\"930\" height=\"620\" src=\"https:\/\/alzaestudio.es\/wp-content\/uploads\/2024\/04\/20230526_185758-930x620.jpg\" class=\"attachment-neve-blog size-neve-blog\" alt=\"\" \/><\/a>\n\t\t\t<\/div><\/figure><figure class='gallery-item'>\n\t\t\t<div class='gallery-icon portrait'>\n\t\t\t\t<a data-elementor-open-lightbox=\"yes\" data-elementor-lightbox-slideshow=\"a0a3c40\" data-e-action-hash=\"#elementor-action%3Aaction%3Dlightbox%26settings%3DeyJpZCI6MTY5NywidXJsIjoiaHR0cHM6XC9cL2FsemFlc3R1ZGlvLmVzXC93cC1jb250ZW50XC91cGxvYWRzXC8yMDI0XC8wNFwvMjAyMzA1MjZfMTg1OTA3LnBuZyIsInNsaWRlc2hvdyI6ImEwYTNjNDAifQ%3D%3D\" href='https:\/\/alzaestudio.es\/wp-content\/uploads\/2024\/04\/20230526_185907.png'><img loading=\"lazy\" decoding=\"async\" width=\"930\" height=\"620\" src=\"https:\/\/alzaestudio.es\/wp-content\/uploads\/2024\/04\/20230526_185907-930x620.png\" class=\"attachment-neve-blog size-neve-blog\" alt=\"\" \/><\/a>\n\t\t\t<\/div><\/figure><figure class='gallery-item'>\n\t\t\t<div class='gallery-icon portrait'>\n\t\t\t\t<a data-elementor-open-lightbox=\"yes\" data-elementor-lightbox-slideshow=\"a0a3c40\" data-e-action-hash=\"#elementor-action%3Aaction%3Dlightbox%26settings%3DeyJpZCI6MTcwMSwidXJsIjoiaHR0cHM6XC9cL2FsemFlc3R1ZGlvLmVzXC93cC1jb250ZW50XC91cGxvYWRzXC8yMDI0XC8wNFwvMjAyMzA1MjZfMTkwMTExLXNjYWxlZC5qcGciLCJzbGlkZXNob3ciOiJhMGEzYzQwIn0%3D\" href='https:\/\/alzaestudio.es\/wp-content\/uploads\/2024\/04\/20230526_190111-scaled.jpg'><img loading=\"lazy\" decoding=\"async\" width=\"930\" height=\"620\" src=\"https:\/\/alzaestudio.es\/wp-content\/uploads\/2024\/04\/20230526_190111-930x620.jpg\" class=\"attachment-neve-blog size-neve-blog\" alt=\"\" \/><\/a>\n\t\t\t<\/div><\/figure><figure class='gallery-item'>\n\t\t\t<div class='gallery-icon portrait'>\n\t\t\t\t<a data-elementor-open-lightbox=\"yes\" data-elementor-lightbox-slideshow=\"a0a3c40\" data-e-action-hash=\"#elementor-action%3Aaction%3Dlightbox%26settings%3DeyJpZCI6MTcwMCwidXJsIjoiaHR0cHM6XC9cL2FsemFlc3R1ZGlvLmVzXC93cC1jb250ZW50XC91cGxvYWRzXC8yMDI0XC8wNFwvMjAyMzA1MjZfMTkwMDU1LnBuZyIsInNsaWRlc2hvdyI6ImEwYTNjNDAifQ%3D%3D\" href='https:\/\/alzaestudio.es\/wp-content\/uploads\/2024\/04\/20230526_190055.png'><img loading=\"lazy\" decoding=\"async\" width=\"930\" height=\"620\" src=\"https:\/\/alzaestudio.es\/wp-content\/uploads\/2024\/04\/20230526_190055-930x620.png\" class=\"attachment-neve-blog size-neve-blog\" alt=\"\" \/><\/a>\n\t\t\t<\/div><\/figure>\n\t\t<\/div>\n\t\t<\/div>\n\t\t\t\t\t\t<\/div>\n\t\t\t\t<\/div>\n\t\t\t\t\t<\/div>\n\t\t\t\t<\/div>\n\t\t\t\t\t<\/div>\n\t\t\t\t<\/div>\n\t\t\t\t<\/div>","protected":false},"excerpt":{"rendered":"<p>JUAN FLOREZ &#8211; A CORU\u00d1A Este proyecto de reforma de cocina y lavadero tenia una complejidad que no hacia f\u00e1cil la obra ya que contaba con 3 puertas (1 de servicio y otras 2 de comunicaci\u00f3n con el resto de la vivienda) y no pod\u00edamos prescindir de ninguna. Esta estancia es el n\u00facleo central de&hellip;&nbsp;<a href=\"https:\/\/alzaestudio.es\/gl\/juanflorez\/\" rel=\"bookmark\">Read More &raquo;<span class=\"screen-reader-text\">Juan Florez<\/span><\/a><\/p>","protected":false},"author":1,"featured_media":0,"parent":0,"menu_order":0,"comment_status":"closed","ping_status":"closed","template":"","meta":{"neve_meta_sidebar":"","neve_meta_container":"","neve_meta_enable_content_width":"","neve_meta_content_width":0,"neve_meta_title_alignment":"","neve_meta_author_avatar":"","neve_post_elements_order":"","neve_meta_disable_header":"","neve_meta_disable_footer":"","neve_meta_disable_title":"on","neve_meta_reading_time":"","_ti_tpc_template_sync":false,"_ti_tpc_template_id":"","footnotes":""},"yoast_head":"<!-- This site is optimized with the Yoast SEO plugin v23.0 - https:\/\/yoast.com\/wordpress\/plugins\/seo\/ -->\n<title>Juan Florez - Alza Estudio Interiorismo<\/title>\n<meta name=\"robots\" content=\"index, follow, max-snippet:-1, max-image-preview:large, max-video-preview:-1\" \/>\n<link rel=\"canonical\" href=\"https:\/\/alzaestudio.es\/gl\/juanflorez\/\" \/>\n<meta property=\"og:locale\" content=\"gl_ES\" \/>\n<meta property=\"og:type\" content=\"article\" \/>\n<meta property=\"og:title\" content=\"Juan Florez - Alza Estudio Interiorismo\" \/>\n<meta property=\"og:description\" content=\"JUAN FLOREZ &#8211; A CORU\u00d1A Este proyecto de reforma de cocina y lavadero tenia una complejidad que no hacia f\u00e1cil la obra ya que contaba con 3 puertas (1 de servicio y otras 2 de comunicaci\u00f3n con el resto de la vivienda) y no pod\u00edamos prescindir de ninguna. Esta estancia es el n\u00facleo central de&hellip;&nbsp;Read More &raquo;Juan Florez\" \/>\n<meta property=\"og:url\" content=\"https:\/\/alzaestudio.es\/gl\/juanflorez\/\" \/>\n<meta property=\"og:site_name\" content=\"Alza Estudio Interiorismo\" \/>\n<meta property=\"article:modified_time\" content=\"2024-04-30T15:34:44+00:00\" \/>\n<meta property=\"og:image\" content=\"https:\/\/alzaestudio.es\/wp-content\/uploads\/2024\/04\/detalle-6.jpg\" \/>\n<meta name=\"twitter:card\" content=\"summary_large_image\" \/>\n<meta name=\"twitter:label1\" content=\"Tempo de lectura\" \/>\n\t<meta name=\"twitter:data1\" content=\"3 minutos\" \/>\n<script type=\"application\/ld+json\" class=\"yoast-schema-graph\">{\"@context\":\"https:\/\/schema.org\",\"@graph\":[{\"@type\":\"WebPage\",\"@id\":\"https:\/\/alzaestudio.es\/juanflorez\/\",\"url\":\"https:\/\/alzaestudio.es\/juanflorez\/\",\"name\":\"Juan Florez - Alza Estudio Interiorismo\",\"isPartOf\":{\"@id\":\"https:\/\/alzaestudio.es\/#website\"},\"primaryImageOfPage\":{\"@id\":\"https:\/\/alzaestudio.es\/juanflorez\/#primaryimage\"},\"image\":{\"@id\":\"https:\/\/alzaestudio.es\/juanflorez\/#primaryimage\"},\"thumbnailUrl\":\"https:\/\/alzaestudio.es\/wp-content\/uploads\/2024\/04\/detalle-6.jpg\",\"datePublished\":\"2024-04-26T17:32:29+00:00\",\"dateModified\":\"2024-04-30T15:34:44+00:00\",\"breadcrumb\":{\"@id\":\"https:\/\/alzaestudio.es\/juanflorez\/#breadcrumb\"},\"inLanguage\":\"gl-ES\",\"potentialAction\":[{\"@type\":\"ReadAction\",\"target\":[\"https:\/\/alzaestudio.es\/juanflorez\/\"]}]},{\"@type\":\"ImageObject\",\"inLanguage\":\"gl-ES\",\"@id\":\"https:\/\/alzaestudio.es\/juanflorez\/#primaryimage\",\"url\":\"https:\/\/alzaestudio.es\/wp-content\/uploads\/2024\/04\/detalle-6.jpg\",\"contentUrl\":\"https:\/\/alzaestudio.es\/wp-content\/uploads\/2024\/04\/detalle-6.jpg\"},{\"@type\":\"BreadcrumbList\",\"@id\":\"https:\/\/alzaestudio.es\/juanflorez\/#breadcrumb\",\"itemListElement\":[{\"@type\":\"ListItem\",\"position\":1,\"name\":\"Portada\",\"item\":\"https:\/\/alzaestudio.es\/\"},{\"@type\":\"ListItem\",\"position\":2,\"name\":\"Juan Florez\"}]},{\"@type\":\"WebSite\",\"@id\":\"https:\/\/alzaestudio.es\/#website\",\"url\":\"https:\/\/alzaestudio.es\/\",\"name\":\"Alza Estudio Interiorismo\",\"description\":\"Interiorismo\",\"publisher\":{\"@id\":\"https:\/\/alzaestudio.es\/#organization\"},\"potentialAction\":[{\"@type\":\"SearchAction\",\"target\":{\"@type\":\"EntryPoint\",\"urlTemplate\":\"https:\/\/alzaestudio.es\/?s={search_term_string}\"},\"query-input\":\"required name=search_term_string\"}],\"inLanguage\":\"gl-ES\"},{\"@type\":\"Organization\",\"@id\":\"https:\/\/alzaestudio.es\/#organization\",\"name\":\"Alza Estudio Interiorismo\",\"url\":\"https:\/\/alzaestudio.es\/\",\"logo\":{\"@type\":\"ImageObject\",\"inLanguage\":\"gl-ES\",\"@id\":\"https:\/\/alzaestudio.es\/#\/schema\/logo\/image\/\",\"url\":\"https:\/\/alzaestudio.es\/wp-content\/uploads\/2024\/03\/alza_2.png\",\"contentUrl\":\"https:\/\/alzaestudio.es\/wp-content\/uploads\/2024\/03\/alza_2.png\",\"width\":700,\"height\":303,\"caption\":\"Alza Estudio Interiorismo\"},\"image\":{\"@id\":\"https:\/\/alzaestudio.es\/#\/schema\/logo\/image\/\"},\"sameAs\":[\"https:\/\/www.instagram.com\/alza.estudio\"]}]}<\/script>\n<!-- \/ Yoast SEO plugin. -->","yoast_head_json":{"title":"Juan Florez - Alza Estudio Interiorismo","robots":{"index":"index","follow":"follow","max-snippet":"max-snippet:-1","max-image-preview":"max-image-preview:large","max-video-preview":"max-video-preview:-1"},"canonical":"https:\/\/alzaestudio.es\/gl\/juanflorez\/","og_locale":"gl_ES","og_type":"article","og_title":"Juan Florez - Alza Estudio Interiorismo","og_description":"JUAN FLOREZ &#8211; A CORU\u00d1A Este proyecto de reforma de cocina y lavadero tenia una complejidad que no hacia f\u00e1cil la obra ya que contaba con 3 puertas (1 de servicio y otras 2 de comunicaci\u00f3n con el resto de la vivienda) y no pod\u00edamos prescindir de ninguna. Esta estancia es el n\u00facleo central de&hellip;&nbsp;Read More &raquo;Juan Florez","og_url":"https:\/\/alzaestudio.es\/gl\/juanflorez\/","og_site_name":"Alza Estudio Interiorismo","article_modified_time":"2024-04-30T15:34:44+00:00","og_image":[{"url":"https:\/\/alzaestudio.es\/wp-content\/uploads\/2024\/04\/detalle-6.jpg"}],"twitter_card":"summary_large_image","twitter_misc":{"Tempo de lectura":"3 minutos"},"schema":{"@context":"https:\/\/schema.org","@graph":[{"@type":"WebPage","@id":"https:\/\/alzaestudio.es\/juanflorez\/","url":"https:\/\/alzaestudio.es\/juanflorez\/","name":"Juan Florez - Alza Estudio Interiorismo","isPartOf":{"@id":"https:\/\/alzaestudio.es\/#website"},"primaryImageOfPage":{"@id":"https:\/\/alzaestudio.es\/juanflorez\/#primaryimage"},"image":{"@id":"https:\/\/alzaestudio.es\/juanflorez\/#primaryimage"},"thumbnailUrl":"https:\/\/alzaestudio.es\/wp-content\/uploads\/2024\/04\/detalle-6.jpg","datePublished":"2024-04-26T17:32:29+00:00","dateModified":"2024-04-30T15:34:44+00:00","breadcrumb":{"@id":"https:\/\/alzaestudio.es\/juanflorez\/#breadcrumb"},"inLanguage":"gl-ES","potentialAction":[{"@type":"ReadAction","target":["https:\/\/alzaestudio.es\/juanflorez\/"]}]},{"@type":"ImageObject","inLanguage":"gl-ES","@id":"https:\/\/alzaestudio.es\/juanflorez\/#primaryimage","url":"https:\/\/alzaestudio.es\/wp-content\/uploads\/2024\/04\/detalle-6.jpg","contentUrl":"https:\/\/alzaestudio.es\/wp-content\/uploads\/2024\/04\/detalle-6.jpg"},{"@type":"BreadcrumbList","@id":"https:\/\/alzaestudio.es\/juanflorez\/#breadcrumb","itemListElement":[{"@type":"ListItem","position":1,"name":"Portada","item":"https:\/\/alzaestudio.es\/"},{"@type":"ListItem","position":2,"name":"Juan Florez"}]},{"@type":"WebSite","@id":"https:\/\/alzaestudio.es\/#website","url":"https:\/\/alzaestudio.es\/","name":"Alza Estudio Interiorismo","description":"Interiorismo","publisher":{"@id":"https:\/\/alzaestudio.es\/#organization"},"potentialAction":[{"@type":"SearchAction","target":{"@type":"EntryPoint","urlTemplate":"https:\/\/alzaestudio.es\/?s={search_term_string}"},"query-input":"required name=search_term_string"}],"inLanguage":"gl-ES"},{"@type":"Organization","@id":"https:\/\/alzaestudio.es\/#organization","name":"Alza Estudio Interiorismo","url":"https:\/\/alzaestudio.es\/","logo":{"@type":"ImageObject","inLanguage":"gl-ES","@id":"https:\/\/alzaestudio.es\/#\/schema\/logo\/image\/","url":"https:\/\/alzaestudio.es\/wp-content\/uploads\/2024\/03\/alza_2.png","contentUrl":"https:\/\/alzaestudio.es\/wp-content\/uploads\/2024\/03\/alza_2.png","width":700,"height":303,"caption":"Alza Estudio Interiorismo"},"image":{"@id":"https:\/\/alzaestudio.es\/#\/schema\/logo\/image\/"},"sameAs":["https:\/\/www.instagram.com\/alza.estudio"]}]}},"_links":{"self":[{"href":"https:\/\/alzaestudio.es\/gl\/wp-json\/wp\/v2\/pages\/1716"}],"collection":[{"href":"https:\/\/alzaestudio.es\/gl\/wp-json\/wp\/v2\/pages"}],"about":[{"href":"https:\/\/alzaestudio.es\/gl\/wp-json\/wp\/v2\/types\/page"}],"author":[{"embeddable":true,"href":"https:\/\/alzaestudio.es\/gl\/wp-json\/wp\/v2\/users\/1"}],"replies":[{"embeddable":true,"href":"https:\/\/alzaestudio.es\/gl\/wp-json\/wp\/v2\/comments?post=1716"}],"version-history":[{"count":8,"href":"https:\/\/alzaestudio.es\/gl\/wp-json\/wp\/v2\/pages\/1716\/revisions"}],"predecessor-version":[{"id":1959,"href":"https:\/\/alzaestudio.es\/gl\/wp-json\/wp\/v2\/pages\/1716\/revisions\/1959"}],"wp:attachment":[{"href":"https:\/\/alzaestudio.es\/gl\/wp-json\/wp\/v2\/media?parent=1716"}],"curies":[{"name":"wp","href":"https:\/\/api.w.org\/{rel}","templated":true}]}}