{"id":1508,"date":"2024-04-23T13:09:41","date_gmt":"2024-04-23T11:09:41","guid":{"rendered":"https:\/\/alzaestudio.es\/?page_id=1508"},"modified":"2024-04-30T13:50:23","modified_gmt":"2024-04-30T11:50:23","slug":"lafranja","status":"publish","type":"page","link":"https:\/\/alzaestudio.es\/gl\/lafranja\/","title":{"rendered":"Apartamento La Franja"},"content":{"rendered":"<div data-elementor-type=\"wp-page\" data-elementor-id=\"1508\" class=\"elementor elementor-1508\">\n\t\t\t\t<div class=\"elementor-element elementor-element-f35c690 e-flex e-con-boxed e-con e-parent\" data-id=\"f35c690\" data-element_type=\"container\">\n\t\t\t\t\t<div class=\"e-con-inner\">\n\t\t<div class=\"elementor-element elementor-element-84f4b7a e-con-full e-flex e-con e-child\" data-id=\"84f4b7a\" data-element_type=\"container\">\n\t\t\t\t<div class=\"elementor-element elementor-element-8cecee2 elementor-widget elementor-widget-image\" data-id=\"8cecee2\" data-element_type=\"widget\" data-widget_type=\"image.default\">\n\t\t\t\t<div class=\"elementor-widget-container\">\n\t\t\t\t\t\t\t\t\t\t\t\t<figure class=\"wp-caption\">\n\t\t\t\t\t\t\t\t\t\t\t<a href=\"https:\/\/alzaestudio.es\/wp-content\/uploads\/2024\/04\/lafranja-scaled.jpg\" data-elementor-open-lightbox=\"yes\" data-e-action-hash=\"#elementor-action%3Aaction%3Dlightbox%26settings%3DeyJpZCI6MTQ2MSwidXJsIjoiaHR0cHM6XC9cL2FsemFlc3R1ZGlvLmVzXC93cC1jb250ZW50XC91cGxvYWRzXC8yMDI0XC8wNFwvbGFmcmFuamEtc2NhbGVkLmpwZyJ9\">\n\t\t\t\t\t\t\t<img decoding=\"async\" src=\"https:\/\/alzaestudio.es\/wp-content\/uploads\/elementor\/thumbs\/lafranja-scaled-qmuo7k5r4yj65c8iy35v028sewhwqwqq3glkf7raj4.jpg\" title=\"lafranja\" alt=\"lafranja\" loading=\"lazy\" \/>\t\t\t\t\t\t\t\t<\/a>\n\t\t\t\t\t\t\t\t\t\t\t<figcaption class=\"widget-image-caption wp-caption-text\"><\/figcaption>\n\t\t\t\t\t\t\t\t\t\t<\/figure>\n\t\t\t\t\t\t\t\t\t<\/div>\n\t\t\t\t<\/div>\n\t\t\t\t<\/div>\n\t\t<div class=\"elementor-element elementor-element-fd57a11 e-con-full e-flex e-con e-child\" data-id=\"fd57a11\" data-element_type=\"container\">\n\t\t\t\t<div class=\"elementor-element elementor-element-93907dd elementor-widget elementor-widget-text-editor\" data-id=\"93907dd\" data-element_type=\"widget\" data-widget_type=\"text-editor.default\">\n\t\t\t\t<div class=\"elementor-widget-container\">\n\t\t\t\t\t\t\t\t\t<p><span style=\"font-size: 10pt;\"><span style=\"font-family: swiss-721-lt-cn-btl;\"><strong>APARTAMENTO LA FRANJA \u00ab<\/strong><\/span><strong style=\"font-family: swiss-721-lt-cn-btl;\">ARMONIA CONTEMPORANEA\u00bb<\/strong><\/span><\/p>\t\t\t\t\t\t\t\t<\/div>\n\t\t\t\t<\/div>\n\t\t\t\t<div class=\"elementor-element elementor-element-134d3ce elementor-widget elementor-widget-text-editor\" data-id=\"134d3ce\" data-element_type=\"widget\" data-widget_type=\"text-editor.default\">\n\t\t\t\t<div class=\"elementor-widget-container\">\n\t\t\t\t\t\t\t\t\t<p><span style=\"font-size: 10pt; font-family: swiss-721-lt-cn-btl;\">Reforma integral de apartamento de 60 m2 en una de las calles m\u00e1s c\u00e9ntricas de la ciudad de la Coru\u00f1a ya considerado como el casco viejo.<\/span><br \/><span style=\"font-size: 10pt; font-family: swiss-721-lt-cn-btl;\">La reforma consisti\u00f3 en derribar todas las estancias y volver a redise\u00f1ar el espacio.<\/span><br \/><span style=\"font-size: 10pt; font-family: swiss-721-lt-cn-btl;\">En este proyecto de interiorismo la interacci\u00f3n de los materiales crea un ambiente arm\u00f3nico.<\/span><br \/><span style=\"font-size: 10pt; font-family: swiss-721-lt-cn-btl;\">Un gran muro de carga de piedra divide la vivienda en 2 \u00e1reas, zona com\u00fan compuesta de cocina, sal\u00f3n, dos dormitorios y un ba\u00f1o.<\/span><br \/><span style=\"font-size: 10pt; font-family: swiss-721-lt-cn-btl;\">Los materiales utilizados en \u00e9ste proyecto son maderas nobles en Roble Oscuro para mueble de sal\u00f3n y dormitorios, estos materiales combinados con linos en tonos naturales nos proporcionan una elegancia, serenidad y calidez que es la esencia y serenidad que buscaba nuestra clienta.<\/span><br \/><span style=\"font-size: 10pt; font-family: swiss-721-lt-cn-btl;\">La cocina semi abierta al sal\u00f3n as\u00ed como las puertas interiores se han lacado en un color bis\u00f3n muy natural que combina y le da cierta calma a la gran presencia de los muros de piedra natural.<\/span><br \/><span style=\"font-size: 10pt; font-family: swiss-721-lt-cn-btl;\">En el ba\u00f1o se ha combinado un revestimiento de microcemento en casi todas las paredes excepto en el frontal de la ducha que se opt\u00f3 por un DEKTON DE COSENTINO con una veta que evoca la piedra natural. El espejo del mueble lavabo de suelo a techo nos ayuda a ampliar el espacio.<\/span><\/p>\t\t\t\t\t\t\t\t<\/div>\n\t\t\t\t<\/div>\n\t\t\t\t<\/div>\n\t\t\t\t\t<\/div>\n\t\t\t\t<\/div>\n\t\t<div class=\"elementor-element elementor-element-1d572bb e-flex e-con-boxed e-con e-parent\" data-id=\"1d572bb\" data-element_type=\"container\">\n\t\t\t\t\t<div class=\"e-con-inner\">\n\t\t\t\t<div class=\"elementor-element elementor-element-d4c6327 gallery-spacing-custom elementor-widget elementor-widget-image-gallery\" data-id=\"d4c6327\" data-element_type=\"widget\" data-widget_type=\"image-gallery.default\">\n\t\t\t\t<div class=\"elementor-widget-container\">\n\t\t\t\t\t\t\t<div class=\"elementor-image-gallery\">\n\t\t\t<div id='gallery-1' class='gallery galleryid-1508 gallery-columns-3 gallery-size-neve-blog'><figure class='gallery-item'>\n\t\t\t<div class='gallery-icon landscape'>\n\t\t\t\t<a data-elementor-open-lightbox=\"yes\" data-elementor-lightbox-slideshow=\"d4c6327\" data-e-action-hash=\"#elementor-action%3Aaction%3Dlightbox%26settings%3DeyJpZCI6MTUxMCwidXJsIjoiaHR0cHM6XC9cL2FsemFlc3R1ZGlvLmVzXC93cC1jb250ZW50XC91cGxvYWRzXC8yMDI0XC8wNFwvMV9TQUxPTi0xLXNjYWxlZC5qcGciLCJzbGlkZXNob3ciOiJkNGM2MzI3In0%3D\" href='https:\/\/alzaestudio.es\/wp-content\/uploads\/2024\/04\/1_SALON-1-scaled.jpg'><img fetchpriority=\"high\" decoding=\"async\" width=\"930\" height=\"620\" src=\"https:\/\/alzaestudio.es\/wp-content\/uploads\/2024\/04\/1_SALON-1-930x620.jpg\" class=\"attachment-neve-blog size-neve-blog\" alt=\"\" \/><\/a>\n\t\t\t<\/div><\/figure><figure class='gallery-item'>\n\t\t\t<div class='gallery-icon landscape'>\n\t\t\t\t<a data-elementor-open-lightbox=\"yes\" data-elementor-lightbox-slideshow=\"d4c6327\" data-e-action-hash=\"#elementor-action%3Aaction%3Dlightbox%26settings%3DeyJpZCI6MTUxMSwidXJsIjoiaHR0cHM6XC9cL2FsemFlc3R1ZGlvLmVzXC93cC1jb250ZW50XC91cGxvYWRzXC8yMDI0XC8wNFwvMl9TQUxPTi1zY2FsZWQuanBnIiwic2xpZGVzaG93IjoiZDRjNjMyNyJ9\" href='https:\/\/alzaestudio.es\/wp-content\/uploads\/2024\/04\/2_SALON-scaled.jpg'><img decoding=\"async\" width=\"930\" height=\"620\" src=\"https:\/\/alzaestudio.es\/wp-content\/uploads\/2024\/04\/2_SALON-930x620.jpg\" class=\"attachment-neve-blog size-neve-blog\" alt=\"\" \/><\/a>\n\t\t\t<\/div><\/figure><figure class='gallery-item'>\n\t\t\t<div class='gallery-icon landscape'>\n\t\t\t\t<a data-elementor-open-lightbox=\"yes\" data-elementor-lightbox-slideshow=\"d4c6327\" data-e-action-hash=\"#elementor-action%3Aaction%3Dlightbox%26settings%3DeyJpZCI6MTUxMiwidXJsIjoiaHR0cHM6XC9cL2FsemFlc3R1ZGlvLmVzXC93cC1jb250ZW50XC91cGxvYWRzXC8yMDI0XC8wNFwvM19TQUxPTi1zY2FsZWQuanBnIiwic2xpZGVzaG93IjoiZDRjNjMyNyJ9\" href='https:\/\/alzaestudio.es\/wp-content\/uploads\/2024\/04\/3_SALON-scaled.jpg'><img decoding=\"async\" width=\"930\" height=\"620\" src=\"https:\/\/alzaestudio.es\/wp-content\/uploads\/2024\/04\/3_SALON-930x620.jpg\" class=\"attachment-neve-blog size-neve-blog\" alt=\"\" \/><\/a>\n\t\t\t<\/div><\/figure><figure class='gallery-item'>\n\t\t\t<div class='gallery-icon portrait'>\n\t\t\t\t<a data-elementor-open-lightbox=\"yes\" data-elementor-lightbox-slideshow=\"d4c6327\" data-e-action-hash=\"#elementor-action%3Aaction%3Dlightbox%26settings%3DeyJpZCI6MTUxMywidXJsIjoiaHR0cHM6XC9cL2FsemFlc3R1ZGlvLmVzXC93cC1jb250ZW50XC91cGxvYWRzXC8yMDI0XC8wNFwvNF9CQU5PLXNjYWxlZC5qcGciLCJzbGlkZXNob3ciOiJkNGM2MzI3In0%3D\" href='https:\/\/alzaestudio.es\/wp-content\/uploads\/2024\/04\/4_BANO-scaled.jpg'><img loading=\"lazy\" decoding=\"async\" width=\"930\" height=\"620\" src=\"https:\/\/alzaestudio.es\/wp-content\/uploads\/2024\/04\/4_BANO-930x620.jpg\" class=\"attachment-neve-blog size-neve-blog\" alt=\"\" \/><\/a>\n\t\t\t<\/div><\/figure><figure class='gallery-item'>\n\t\t\t<div class='gallery-icon landscape'>\n\t\t\t\t<a data-elementor-open-lightbox=\"yes\" data-elementor-lightbox-slideshow=\"d4c6327\" data-e-action-hash=\"#elementor-action%3Aaction%3Dlightbox%26settings%3DeyJpZCI6MTUxNCwidXJsIjoiaHR0cHM6XC9cL2FsemFlc3R1ZGlvLmVzXC93cC1jb250ZW50XC91cGxvYWRzXC8yMDI0XC8wNFwvNF9IQUJJVEFDSU9OLXNjYWxlZC5qcGciLCJzbGlkZXNob3ciOiJkNGM2MzI3In0%3D\" href='https:\/\/alzaestudio.es\/wp-content\/uploads\/2024\/04\/4_HABITACION-scaled.jpg'><img loading=\"lazy\" decoding=\"async\" width=\"930\" height=\"620\" src=\"https:\/\/alzaestudio.es\/wp-content\/uploads\/2024\/04\/4_HABITACION-930x620.jpg\" class=\"attachment-neve-blog size-neve-blog\" alt=\"\" \/><\/a>\n\t\t\t<\/div><\/figure><figure class='gallery-item'>\n\t\t\t<div class='gallery-icon portrait'>\n\t\t\t\t<a data-elementor-open-lightbox=\"yes\" data-elementor-lightbox-slideshow=\"d4c6327\" data-e-action-hash=\"#elementor-action%3Aaction%3Dlightbox%26settings%3DeyJpZCI6MTUxNiwidXJsIjoiaHR0cHM6XC9cL2FsemFlc3R1ZGlvLmVzXC93cC1jb250ZW50XC91cGxvYWRzXC8yMDI0XC8wNFwvREVUQUxMRS1zY2FsZWQuanBnIiwic2xpZGVzaG93IjoiZDRjNjMyNyJ9\" href='https:\/\/alzaestudio.es\/wp-content\/uploads\/2024\/04\/DETALLE-scaled.jpg'><img loading=\"lazy\" decoding=\"async\" width=\"930\" height=\"620\" src=\"https:\/\/alzaestudio.es\/wp-content\/uploads\/2024\/04\/DETALLE-930x620.jpg\" class=\"attachment-neve-blog size-neve-blog\" alt=\"\" \/><\/a>\n\t\t\t<\/div><\/figure><figure class='gallery-item'>\n\t\t\t<div class='gallery-icon landscape'>\n\t\t\t\t<a data-elementor-open-lightbox=\"yes\" data-elementor-lightbox-slideshow=\"d4c6327\" data-e-action-hash=\"#elementor-action%3Aaction%3Dlightbox%26settings%3DeyJpZCI6MTUxNSwidXJsIjoiaHR0cHM6XC9cL2FsemFlc3R1ZGlvLmVzXC93cC1jb250ZW50XC91cGxvYWRzXC8yMDI0XC8wNFwvNV9IQUJJVEFDSU9OLXNjYWxlZC5qcGciLCJzbGlkZXNob3ciOiJkNGM2MzI3In0%3D\" href='https:\/\/alzaestudio.es\/wp-content\/uploads\/2024\/04\/5_HABITACION-scaled.jpg'><img loading=\"lazy\" decoding=\"async\" width=\"930\" height=\"620\" src=\"https:\/\/alzaestudio.es\/wp-content\/uploads\/2024\/04\/5_HABITACION-930x620.jpg\" class=\"attachment-neve-blog size-neve-blog\" alt=\"\" \/><\/a>\n\t\t\t<\/div><\/figure>\n\t\t<\/div>\n\t\t<\/div>\n\t\t\t\t\t\t<\/div>\n\t\t\t\t<\/div>\n\t\t\t\t\t<\/div>\n\t\t\t\t<\/div>\n\t\t\t\t<\/div>","protected":false},"excerpt":{"rendered":"<p>APARTAMENTO LA FRANJA \u00abARMONIA CONTEMPORANEA\u00bb Reforma integral de apartamento de 60 m2 en una de las calles m\u00e1s c\u00e9ntricas de la ciudad de la Coru\u00f1a ya considerado como el casco viejo.La reforma consisti\u00f3 en derribar todas las estancias y volver a redise\u00f1ar el espacio.En este proyecto de interiorismo la interacci\u00f3n de los materiales crea un&hellip;&nbsp;<a href=\"https:\/\/alzaestudio.es\/gl\/lafranja\/\" rel=\"bookmark\">Read More &raquo;<span class=\"screen-reader-text\">Apartamento La Franja<\/span><\/a><\/p>","protected":false},"author":1,"featured_media":0,"parent":0,"menu_order":0,"comment_status":"closed","ping_status":"closed","template":"","meta":{"neve_meta_sidebar":"","neve_meta_container":"","neve_meta_enable_content_width":"","neve_meta_content_width":0,"neve_meta_title_alignment":"","neve_meta_author_avatar":"","neve_post_elements_order":"","neve_meta_disable_header":"","neve_meta_disable_footer":"","neve_meta_disable_title":"on","neve_meta_reading_time":"","_ti_tpc_template_sync":false,"_ti_tpc_template_id":"","footnotes":""},"yoast_head":"<!-- This site is optimized with the Yoast SEO plugin v23.0 - https:\/\/yoast.com\/wordpress\/plugins\/seo\/ -->\n<title>Apartamento La Franja - Alza Estudio Interiorismo<\/title>\n<meta name=\"robots\" content=\"index, follow, max-snippet:-1, max-image-preview:large, max-video-preview:-1\" \/>\n<link rel=\"canonical\" href=\"https:\/\/alzaestudio.es\/gl\/lafranja\/\" \/>\n<meta property=\"og:locale\" content=\"gl_ES\" \/>\n<meta property=\"og:type\" content=\"article\" \/>\n<meta property=\"og:title\" content=\"Apartamento La Franja - Alza Estudio Interiorismo\" \/>\n<meta property=\"og:description\" content=\"APARTAMENTO LA FRANJA \u00abARMONIA CONTEMPORANEA\u00bb Reforma integral de apartamento de 60 m2 en una de las calles m\u00e1s c\u00e9ntricas de la ciudad de la Coru\u00f1a ya considerado como el casco viejo.La reforma consisti\u00f3 en derribar todas las estancias y volver a redise\u00f1ar el espacio.En este proyecto de interiorismo la interacci\u00f3n de los materiales crea un&hellip;&nbsp;Read More &raquo;Apartamento La Franja\" \/>\n<meta property=\"og:url\" content=\"https:\/\/alzaestudio.es\/gl\/lafranja\/\" \/>\n<meta property=\"og:site_name\" content=\"Alza Estudio Interiorismo\" \/>\n<meta property=\"article:modified_time\" content=\"2024-04-30T11:50:23+00:00\" \/>\n<meta property=\"og:image\" content=\"https:\/\/alzaestudio.es\/wp-content\/uploads\/elementor\/thumbs\/lafranja-scaled-qmuo7k5r4yj65c8iy35v028sewhwqwqq3glkf7raj4.jpg\" \/>\n<meta name=\"twitter:card\" content=\"summary_large_image\" \/>\n<meta name=\"twitter:label1\" content=\"Tempo de lectura\" \/>\n\t<meta name=\"twitter:data1\" content=\"3 minutos\" \/>\n<script type=\"application\/ld+json\" class=\"yoast-schema-graph\">{\"@context\":\"https:\/\/schema.org\",\"@graph\":[{\"@type\":\"WebPage\",\"@id\":\"https:\/\/alzaestudio.es\/lafranja\/\",\"url\":\"https:\/\/alzaestudio.es\/lafranja\/\",\"name\":\"Apartamento La Franja - Alza Estudio Interiorismo\",\"isPartOf\":{\"@id\":\"https:\/\/alzaestudio.es\/#website\"},\"primaryImageOfPage\":{\"@id\":\"https:\/\/alzaestudio.es\/lafranja\/#primaryimage\"},\"image\":{\"@id\":\"https:\/\/alzaestudio.es\/lafranja\/#primaryimage\"},\"thumbnailUrl\":\"https:\/\/alzaestudio.es\/wp-content\/uploads\/elementor\/thumbs\/lafranja-scaled-qmuo7k5r4yj65c8iy35v028sewhwqwqq3glkf7raj4.jpg\",\"datePublished\":\"2024-04-23T11:09:41+00:00\",\"dateModified\":\"2024-04-30T11:50:23+00:00\",\"breadcrumb\":{\"@id\":\"https:\/\/alzaestudio.es\/lafranja\/#breadcrumb\"},\"inLanguage\":\"gl-ES\",\"potentialAction\":[{\"@type\":\"ReadAction\",\"target\":[\"https:\/\/alzaestudio.es\/lafranja\/\"]}]},{\"@type\":\"ImageObject\",\"inLanguage\":\"gl-ES\",\"@id\":\"https:\/\/alzaestudio.es\/lafranja\/#primaryimage\",\"url\":\"https:\/\/alzaestudio.es\/wp-content\/uploads\/elementor\/thumbs\/lafranja-scaled-qmuo7k5r4yj65c8iy35v028sewhwqwqq3glkf7raj4.jpg\",\"contentUrl\":\"https:\/\/alzaestudio.es\/wp-content\/uploads\/elementor\/thumbs\/lafranja-scaled-qmuo7k5r4yj65c8iy35v028sewhwqwqq3glkf7raj4.jpg\"},{\"@type\":\"BreadcrumbList\",\"@id\":\"https:\/\/alzaestudio.es\/lafranja\/#breadcrumb\",\"itemListElement\":[{\"@type\":\"ListItem\",\"position\":1,\"name\":\"Portada\",\"item\":\"https:\/\/alzaestudio.es\/\"},{\"@type\":\"ListItem\",\"position\":2,\"name\":\"Apartamento La Franja\"}]},{\"@type\":\"WebSite\",\"@id\":\"https:\/\/alzaestudio.es\/#website\",\"url\":\"https:\/\/alzaestudio.es\/\",\"name\":\"Alza Estudio Interiorismo\",\"description\":\"Interiorismo\",\"publisher\":{\"@id\":\"https:\/\/alzaestudio.es\/#organization\"},\"potentialAction\":[{\"@type\":\"SearchAction\",\"target\":{\"@type\":\"EntryPoint\",\"urlTemplate\":\"https:\/\/alzaestudio.es\/?s={search_term_string}\"},\"query-input\":\"required name=search_term_string\"}],\"inLanguage\":\"gl-ES\"},{\"@type\":\"Organization\",\"@id\":\"https:\/\/alzaestudio.es\/#organization\",\"name\":\"Alza Estudio Interiorismo\",\"url\":\"https:\/\/alzaestudio.es\/\",\"logo\":{\"@type\":\"ImageObject\",\"inLanguage\":\"gl-ES\",\"@id\":\"https:\/\/alzaestudio.es\/#\/schema\/logo\/image\/\",\"url\":\"https:\/\/alzaestudio.es\/wp-content\/uploads\/2024\/03\/alza_2.png\",\"contentUrl\":\"https:\/\/alzaestudio.es\/wp-content\/uploads\/2024\/03\/alza_2.png\",\"width\":700,\"height\":303,\"caption\":\"Alza Estudio Interiorismo\"},\"image\":{\"@id\":\"https:\/\/alzaestudio.es\/#\/schema\/logo\/image\/\"},\"sameAs\":[\"https:\/\/www.instagram.com\/alza.estudio\"]}]}<\/script>\n<!-- \/ Yoast SEO plugin. -->","yoast_head_json":{"title":"Apartamento La Franja - Alza Estudio Interiorismo","robots":{"index":"index","follow":"follow","max-snippet":"max-snippet:-1","max-image-preview":"max-image-preview:large","max-video-preview":"max-video-preview:-1"},"canonical":"https:\/\/alzaestudio.es\/gl\/lafranja\/","og_locale":"gl_ES","og_type":"article","og_title":"Apartamento La Franja - Alza Estudio Interiorismo","og_description":"APARTAMENTO LA FRANJA \u00abARMONIA CONTEMPORANEA\u00bb Reforma integral de apartamento de 60 m2 en una de las calles m\u00e1s c\u00e9ntricas de la ciudad de la Coru\u00f1a ya considerado como el casco viejo.La reforma consisti\u00f3 en derribar todas las estancias y volver a redise\u00f1ar el espacio.En este proyecto de interiorismo la interacci\u00f3n de los materiales crea un&hellip;&nbsp;Read More &raquo;Apartamento La Franja","og_url":"https:\/\/alzaestudio.es\/gl\/lafranja\/","og_site_name":"Alza Estudio Interiorismo","article_modified_time":"2024-04-30T11:50:23+00:00","og_image":[{"url":"https:\/\/alzaestudio.es\/wp-content\/uploads\/elementor\/thumbs\/lafranja-scaled-qmuo7k5r4yj65c8iy35v028sewhwqwqq3glkf7raj4.jpg"}],"twitter_card":"summary_large_image","twitter_misc":{"Tempo de lectura":"3 minutos"},"schema":{"@context":"https:\/\/schema.org","@graph":[{"@type":"WebPage","@id":"https:\/\/alzaestudio.es\/lafranja\/","url":"https:\/\/alzaestudio.es\/lafranja\/","name":"Apartamento La Franja - Alza Estudio Interiorismo","isPartOf":{"@id":"https:\/\/alzaestudio.es\/#website"},"primaryImageOfPage":{"@id":"https:\/\/alzaestudio.es\/lafranja\/#primaryimage"},"image":{"@id":"https:\/\/alzaestudio.es\/lafranja\/#primaryimage"},"thumbnailUrl":"https:\/\/alzaestudio.es\/wp-content\/uploads\/elementor\/thumbs\/lafranja-scaled-qmuo7k5r4yj65c8iy35v028sewhwqwqq3glkf7raj4.jpg","datePublished":"2024-04-23T11:09:41+00:00","dateModified":"2024-04-30T11:50:23+00:00","breadcrumb":{"@id":"https:\/\/alzaestudio.es\/lafranja\/#breadcrumb"},"inLanguage":"gl-ES","potentialAction":[{"@type":"ReadAction","target":["https:\/\/alzaestudio.es\/lafranja\/"]}]},{"@type":"ImageObject","inLanguage":"gl-ES","@id":"https:\/\/alzaestudio.es\/lafranja\/#primaryimage","url":"https:\/\/alzaestudio.es\/wp-content\/uploads\/elementor\/thumbs\/lafranja-scaled-qmuo7k5r4yj65c8iy35v028sewhwqwqq3glkf7raj4.jpg","contentUrl":"https:\/\/alzaestudio.es\/wp-content\/uploads\/elementor\/thumbs\/lafranja-scaled-qmuo7k5r4yj65c8iy35v028sewhwqwqq3glkf7raj4.jpg"},{"@type":"BreadcrumbList","@id":"https:\/\/alzaestudio.es\/lafranja\/#breadcrumb","itemListElement":[{"@type":"ListItem","position":1,"name":"Portada","item":"https:\/\/alzaestudio.es\/"},{"@type":"ListItem","position":2,"name":"Apartamento La Franja"}]},{"@type":"WebSite","@id":"https:\/\/alzaestudio.es\/#website","url":"https:\/\/alzaestudio.es\/","name":"Alza Estudio Interiorismo","description":"Interiorismo","publisher":{"@id":"https:\/\/alzaestudio.es\/#organization"},"potentialAction":[{"@type":"SearchAction","target":{"@type":"EntryPoint","urlTemplate":"https:\/\/alzaestudio.es\/?s={search_term_string}"},"query-input":"required name=search_term_string"}],"inLanguage":"gl-ES"},{"@type":"Organization","@id":"https:\/\/alzaestudio.es\/#organization","name":"Alza Estudio Interiorismo","url":"https:\/\/alzaestudio.es\/","logo":{"@type":"ImageObject","inLanguage":"gl-ES","@id":"https:\/\/alzaestudio.es\/#\/schema\/logo\/image\/","url":"https:\/\/alzaestudio.es\/wp-content\/uploads\/2024\/03\/alza_2.png","contentUrl":"https:\/\/alzaestudio.es\/wp-content\/uploads\/2024\/03\/alza_2.png","width":700,"height":303,"caption":"Alza Estudio Interiorismo"},"image":{"@id":"https:\/\/alzaestudio.es\/#\/schema\/logo\/image\/"},"sameAs":["https:\/\/www.instagram.com\/alza.estudio"]}]}},"_links":{"self":[{"href":"https:\/\/alzaestudio.es\/gl\/wp-json\/wp\/v2\/pages\/1508"}],"collection":[{"href":"https:\/\/alzaestudio.es\/gl\/wp-json\/wp\/v2\/pages"}],"about":[{"href":"https:\/\/alzaestudio.es\/gl\/wp-json\/wp\/v2\/types\/page"}],"author":[{"embeddable":true,"href":"https:\/\/alzaestudio.es\/gl\/wp-json\/wp\/v2\/users\/1"}],"replies":[{"embeddable":true,"href":"https:\/\/alzaestudio.es\/gl\/wp-json\/wp\/v2\/comments?post=1508"}],"version-history":[{"count":39,"href":"https:\/\/alzaestudio.es\/gl\/wp-json\/wp\/v2\/pages\/1508\/revisions"}],"predecessor-version":[{"id":1940,"href":"https:\/\/alzaestudio.es\/gl\/wp-json\/wp\/v2\/pages\/1508\/revisions\/1940"}],"wp:attachment":[{"href":"https:\/\/alzaestudio.es\/gl\/wp-json\/wp\/v2\/media?parent=1508"}],"curies":[{"name":"wp","href":"https:\/\/api.w.org\/{rel}","templated":true}]}}